{"id":1369,"date":"2025-04-19T00:16:46","date_gmt":"2025-04-18T21:16:46","guid":{"rendered":"https:\/\/temsanair.com\/ana-sayfa\/"},"modified":"2025-10-22T13:27:35","modified_gmt":"2025-10-22T10:27:35","slug":"ana-sayfa","status":"publish","type":"page","link":"https:\/\/temsanair.com\/tr\/","title":{"rendered":"Ana Sayfa"},"content":{"rendered":"","protected":false},"excerpt":{"rendered":"","protected":false},"author":1,"featured_media":0,"parent":0,"menu_order":0,"comment_status":"closed","ping_status":"closed","template":"","meta":{"_acf_changed":false,"footnotes":""},"class_list":["post-1369","page","type-page","status-publish","hentry"],"acf":[],"yoast_head":"<!-- This site is optimized with the Yoast SEO plugin v27.3 - https:\/\/yoast.com\/product\/yoast-seo-wordpress\/ -->\n<title>Tekstil klima ve Filtrasyon Sistemleri - \u00c7\u00f6z\u00fcmleri<\/title>\n<meta name=\"description\" content=\"Temsan Air Engineering, iplik, dokuma ve nonwoven end\u00fcstrileri i\u00e7in geli\u015fmi\u015f tekstil klima ve filtrasyon sistemleri tasarlar ve \u00fcretir - her fabrikada enerji verimlili\u011fi, s\u00fcrd\u00fcr\u00fclebilirlik ve m\u00fckemmel iklim kontrol\u00fc sa\u011flar.\" \/>\n<meta name=\"robots\" content=\"index, follow, max-snippet:-1, max-image-preview:large, max-video-preview:-1\" \/>\n<link rel=\"canonical\" href=\"https:\/\/temsanair.com\/tr\/\" \/>\n<meta property=\"og:locale\" content=\"tr_TR\" \/>\n<meta property=\"og:type\" content=\"article\" \/>\n<meta property=\"og:title\" content=\"Tekstil klima ve Filtrasyon Sistemleri - \u00c7\u00f6z\u00fcmleri\" \/>\n<meta property=\"og:description\" content=\"Temsan Air Engineering, iplik, dokuma ve nonwoven end\u00fcstrileri i\u00e7in geli\u015fmi\u015f tekstil klima ve filtrasyon sistemleri tasarlar ve \u00fcretir - her fabrikada enerji verimlili\u011fi, s\u00fcrd\u00fcr\u00fclebilirlik ve m\u00fckemmel iklim kontrol\u00fc sa\u011flar.\" \/>\n<meta property=\"og:url\" content=\"https:\/\/temsanair.com\/tr\/\" \/>\n<meta property=\"og:site_name\" content=\"Temsan\" \/>\n<meta property=\"article:publisher\" content=\"https:\/\/www.facebook.com\/temsanair\" \/>\n<meta property=\"article:modified_time\" content=\"2025-10-22T10:27:35+00:00\" \/>\n<meta name=\"twitter:card\" content=\"summary_large_image\" \/>\n<script type=\"application\/ld+json\" class=\"yoast-schema-graph\">{\"@context\":\"https:\\\/\\\/schema.org\",\"@graph\":[{\"@type\":\"WebPage\",\"@id\":\"https:\\\/\\\/temsanair.com\\\/tr\\\/\",\"url\":\"https:\\\/\\\/temsanair.com\\\/tr\\\/\",\"name\":\"Tekstil klima ve Filtrasyon Sistemleri - \u00c7\u00f6z\u00fcmleri\",\"isPartOf\":{\"@id\":\"https:\\\/\\\/temsanair.com\\\/tr\\\/#website\"},\"datePublished\":\"2025-04-18T21:16:46+00:00\",\"dateModified\":\"2025-10-22T10:27:35+00:00\",\"description\":\"Temsan Air Engineering, iplik, dokuma ve nonwoven end\u00fcstrileri i\u00e7in geli\u015fmi\u015f tekstil klima ve filtrasyon sistemleri tasarlar ve \u00fcretir - her fabrikada enerji verimlili\u011fi, s\u00fcrd\u00fcr\u00fclebilirlik ve m\u00fckemmel iklim kontrol\u00fc sa\u011flar.\",\"breadcrumb\":{\"@id\":\"https:\\\/\\\/temsanair.com\\\/tr\\\/#breadcrumb\"},\"inLanguage\":\"tr\",\"potentialAction\":[{\"@type\":\"ReadAction\",\"target\":[\"https:\\\/\\\/temsanair.com\\\/tr\\\/\"]}]},{\"@type\":\"BreadcrumbList\",\"@id\":\"https:\\\/\\\/temsanair.com\\\/tr\\\/#breadcrumb\",\"itemListElement\":[{\"@type\":\"ListItem\",\"position\":1,\"name\":\"Home\",\"item\":\"https:\\\/\\\/temsanair.com\\\/tr\\\/ana-sayfa\\\/\"},{\"@type\":\"ListItem\",\"position\":2,\"name\":\"Ana Sayfa\"}]},{\"@type\":\"WebSite\",\"@id\":\"https:\\\/\\\/temsanair.com\\\/tr\\\/#website\",\"url\":\"https:\\\/\\\/temsanair.com\\\/tr\\\/\",\"name\":\"Temsan Air\",\"description\":\"Textile Machinery Manufacturer\",\"publisher\":{\"@id\":\"https:\\\/\\\/temsanair.com\\\/tr\\\/#organization\"},\"potentialAction\":[{\"@type\":\"SearchAction\",\"target\":{\"@type\":\"EntryPoint\",\"urlTemplate\":\"https:\\\/\\\/temsanair.com\\\/tr\\\/?s={search_term_string}\"},\"query-input\":{\"@type\":\"PropertyValueSpecification\",\"valueRequired\":true,\"valueName\":\"search_term_string\"}}],\"inLanguage\":\"tr\"},{\"@type\":\"Organization\",\"@id\":\"https:\\\/\\\/temsanair.com\\\/tr\\\/#organization\",\"name\":\"Temsan Air Engineering\",\"alternateName\":\"Temsan\",\"url\":\"https:\\\/\\\/temsanair.com\\\/tr\\\/\",\"logo\":{\"@type\":\"ImageObject\",\"inLanguage\":\"tr\",\"@id\":\"https:\\\/\\\/temsanair.com\\\/tr\\\/#\\\/schema\\\/logo\\\/image\\\/\",\"url\":\"https:\\\/\\\/temsanair.com\\\/wp-content\\\/uploads\\\/2025\\\/04\\\/t-logo.png\",\"contentUrl\":\"https:\\\/\\\/temsanair.com\\\/wp-content\\\/uploads\\\/2025\\\/04\\\/t-logo.png\",\"width\":312,\"height\":81,\"caption\":\"Temsan Air Engineering\"},\"image\":{\"@id\":\"https:\\\/\\\/temsanair.com\\\/tr\\\/#\\\/schema\\\/logo\\\/image\\\/\"},\"sameAs\":[\"https:\\\/\\\/www.facebook.com\\\/temsanair\",\"https:\\\/\\\/www.linkedin.com\\\/company\\\/temsanair\"]}]}<\/script>\n<!-- \/ Yoast SEO plugin. -->","yoast_head_json":{"title":"Tekstil klima ve Filtrasyon Sistemleri - \u00c7\u00f6z\u00fcmleri","description":"Temsan Air Engineering, iplik, dokuma ve nonwoven end\u00fcstrileri i\u00e7in geli\u015fmi\u015f tekstil klima ve filtrasyon sistemleri tasarlar ve \u00fcretir - her fabrikada enerji verimlili\u011fi, s\u00fcrd\u00fcr\u00fclebilirlik ve m\u00fckemmel iklim kontrol\u00fc sa\u011flar.","robots":{"index":"index","follow":"follow","max-snippet":"max-snippet:-1","max-image-preview":"max-image-preview:large","max-video-preview":"max-video-preview:-1"},"canonical":"https:\/\/temsanair.com\/tr\/","og_locale":"tr_TR","og_type":"article","og_title":"Tekstil klima ve Filtrasyon Sistemleri - \u00c7\u00f6z\u00fcmleri","og_description":"Temsan Air Engineering, iplik, dokuma ve nonwoven end\u00fcstrileri i\u00e7in geli\u015fmi\u015f tekstil klima ve filtrasyon sistemleri tasarlar ve \u00fcretir - her fabrikada enerji verimlili\u011fi, s\u00fcrd\u00fcr\u00fclebilirlik ve m\u00fckemmel iklim kontrol\u00fc sa\u011flar.","og_url":"https:\/\/temsanair.com\/tr\/","og_site_name":"Temsan","article_publisher":"https:\/\/www.facebook.com\/temsanair","article_modified_time":"2025-10-22T10:27:35+00:00","twitter_card":"summary_large_image","schema":{"@context":"https:\/\/schema.org","@graph":[{"@type":"WebPage","@id":"https:\/\/temsanair.com\/tr\/","url":"https:\/\/temsanair.com\/tr\/","name":"Tekstil klima ve Filtrasyon Sistemleri - \u00c7\u00f6z\u00fcmleri","isPartOf":{"@id":"https:\/\/temsanair.com\/tr\/#website"},"datePublished":"2025-04-18T21:16:46+00:00","dateModified":"2025-10-22T10:27:35+00:00","description":"Temsan Air Engineering, iplik, dokuma ve nonwoven end\u00fcstrileri i\u00e7in geli\u015fmi\u015f tekstil klima ve filtrasyon sistemleri tasarlar ve \u00fcretir - her fabrikada enerji verimlili\u011fi, s\u00fcrd\u00fcr\u00fclebilirlik ve m\u00fckemmel iklim kontrol\u00fc sa\u011flar.","breadcrumb":{"@id":"https:\/\/temsanair.com\/tr\/#breadcrumb"},"inLanguage":"tr","potentialAction":[{"@type":"ReadAction","target":["https:\/\/temsanair.com\/tr\/"]}]},{"@type":"BreadcrumbList","@id":"https:\/\/temsanair.com\/tr\/#breadcrumb","itemListElement":[{"@type":"ListItem","position":1,"name":"Home","item":"https:\/\/temsanair.com\/tr\/ana-sayfa\/"},{"@type":"ListItem","position":2,"name":"Ana Sayfa"}]},{"@type":"WebSite","@id":"https:\/\/temsanair.com\/tr\/#website","url":"https:\/\/temsanair.com\/tr\/","name":"Temsan Air","description":"Textile Machinery Manufacturer","publisher":{"@id":"https:\/\/temsanair.com\/tr\/#organization"},"potentialAction":[{"@type":"SearchAction","target":{"@type":"EntryPoint","urlTemplate":"https:\/\/temsanair.com\/tr\/?s={search_term_string}"},"query-input":{"@type":"PropertyValueSpecification","valueRequired":true,"valueName":"search_term_string"}}],"inLanguage":"tr"},{"@type":"Organization","@id":"https:\/\/temsanair.com\/tr\/#organization","name":"Temsan Air Engineering","alternateName":"Temsan","url":"https:\/\/temsanair.com\/tr\/","logo":{"@type":"ImageObject","inLanguage":"tr","@id":"https:\/\/temsanair.com\/tr\/#\/schema\/logo\/image\/","url":"https:\/\/temsanair.com\/wp-content\/uploads\/2025\/04\/t-logo.png","contentUrl":"https:\/\/temsanair.com\/wp-content\/uploads\/2025\/04\/t-logo.png","width":312,"height":81,"caption":"Temsan Air Engineering"},"image":{"@id":"https:\/\/temsanair.com\/tr\/#\/schema\/logo\/image\/"},"sameAs":["https:\/\/www.facebook.com\/temsanair","https:\/\/www.linkedin.com\/company\/temsanair"]}]}},"_links":{"self":[{"href":"https:\/\/temsanair.com\/tr\/wp-json\/wp\/v2\/pages\/1369","targetHints":{"allow":["GET"]}}],"collection":[{"href":"https:\/\/temsanair.com\/tr\/wp-json\/wp\/v2\/pages"}],"about":[{"href":"https:\/\/temsanair.com\/tr\/wp-json\/wp\/v2\/types\/page"}],"author":[{"embeddable":true,"href":"https:\/\/temsanair.com\/tr\/wp-json\/wp\/v2\/users\/1"}],"replies":[{"embeddable":true,"href":"https:\/\/temsanair.com\/tr\/wp-json\/wp\/v2\/comments?post=1369"}],"version-history":[{"count":1,"href":"https:\/\/temsanair.com\/tr\/wp-json\/wp\/v2\/pages\/1369\/revisions"}],"predecessor-version":[{"id":1375,"href":"https:\/\/temsanair.com\/tr\/wp-json\/wp\/v2\/pages\/1369\/revisions\/1375"}],"wp:attachment":[{"href":"https:\/\/temsanair.com\/tr\/wp-json\/wp\/v2\/media?parent=1369"}],"curies":[{"name":"wp","href":"https:\/\/api.w.org\/{rel}","templated":true}]}}