{"id":1441,"date":"2025-06-24T14:15:58","date_gmt":"2025-06-24T11:15:58","guid":{"rendered":"https:\/\/temsanair.com\/uygulamalar\/poy\/"},"modified":"2025-10-17T13:53:45","modified_gmt":"2025-10-17T10:53:45","slug":"poy","status":"publish","type":"page","link":"https:\/\/temsanair.com\/tr\/uygulamalar\/poy\/","title":{"rendered":"POY"},"content":{"rendered":"","protected":false},"excerpt":{"rendered":"","protected":false},"author":1,"featured_media":0,"parent":1374,"menu_order":0,"comment_status":"closed","ping_status":"closed","template":"","meta":{"_acf_changed":false,"footnotes":""},"class_list":["post-1441","page","type-page","status-publish","hentry"],"acf":[],"yoast_head":"<!-- This site is optimized with the Yoast SEO plugin v27.3 - https:\/\/yoast.com\/product\/yoast-seo-wordpress\/ -->\n<title>POY Uygulamas\u0131 | POY \u00dcretimi i\u00e7in \u0130klimlendirme Sistemi<\/title>\n<meta name=\"description\" content=\"Temsan Air, POY \u00fcretimi i\u00e7in \u00f6zel klima ve filtrasyon \u00e7\u00f6z\u00fcmleri sunarak, iplik kalitesinin s\u00fcreklili\u011fi i\u00e7in optimum hava dengesi, so\u011futma ve nem sa\u011flar.\" \/>\n<meta name=\"robots\" content=\"index, follow, max-snippet:-1, max-image-preview:large, max-video-preview:-1\" \/>\n<link rel=\"canonical\" href=\"https:\/\/temsanair.com\/tr\/uygulamalar\/poy\/\" \/>\n<meta property=\"og:locale\" content=\"tr_TR\" \/>\n<meta property=\"og:type\" content=\"article\" \/>\n<meta property=\"og:title\" content=\"POY Uygulamas\u0131 | POY \u00dcretimi i\u00e7in \u0130klimlendirme Sistemi\" \/>\n<meta property=\"og:description\" content=\"Temsan Air, POY \u00fcretimi i\u00e7in \u00f6zel klima ve filtrasyon \u00e7\u00f6z\u00fcmleri sunarak, iplik kalitesinin s\u00fcreklili\u011fi i\u00e7in optimum hava dengesi, so\u011futma ve nem sa\u011flar.\" \/>\n<meta property=\"og:url\" content=\"https:\/\/temsanair.com\/tr\/uygulamalar\/poy\/\" \/>\n<meta property=\"og:site_name\" content=\"Temsan\" \/>\n<meta property=\"article:publisher\" content=\"https:\/\/www.facebook.com\/temsanair\" \/>\n<meta property=\"article:modified_time\" content=\"2025-10-17T10:53:45+00:00\" \/>\n<meta name=\"twitter:card\" content=\"summary_large_image\" \/>\n<script type=\"application\/ld+json\" class=\"yoast-schema-graph\">{\"@context\":\"https:\\\/\\\/schema.org\",\"@graph\":[{\"@type\":\"WebPage\",\"@id\":\"https:\\\/\\\/temsanair.com\\\/tr\\\/uygulamalar\\\/poy\\\/\",\"url\":\"https:\\\/\\\/temsanair.com\\\/tr\\\/uygulamalar\\\/poy\\\/\",\"name\":\"POY Uygulamas\u0131 | POY \u00dcretimi i\u00e7in \u0130klimlendirme Sistemi\",\"isPartOf\":{\"@id\":\"https:\\\/\\\/temsanair.com\\\/tr\\\/#website\"},\"datePublished\":\"2025-06-24T11:15:58+00:00\",\"dateModified\":\"2025-10-17T10:53:45+00:00\",\"description\":\"Temsan Air, POY \u00fcretimi i\u00e7in \u00f6zel klima ve filtrasyon \u00e7\u00f6z\u00fcmleri sunarak, iplik kalitesinin s\u00fcreklili\u011fi i\u00e7in optimum hava dengesi, so\u011futma ve nem sa\u011flar.\",\"breadcrumb\":{\"@id\":\"https:\\\/\\\/temsanair.com\\\/tr\\\/uygulamalar\\\/poy\\\/#breadcrumb\"},\"inLanguage\":\"tr\",\"potentialAction\":[{\"@type\":\"ReadAction\",\"target\":[\"https:\\\/\\\/temsanair.com\\\/tr\\\/uygulamalar\\\/poy\\\/\"]}]},{\"@type\":\"BreadcrumbList\",\"@id\":\"https:\\\/\\\/temsanair.com\\\/tr\\\/uygulamalar\\\/poy\\\/#breadcrumb\",\"itemListElement\":[{\"@type\":\"ListItem\",\"position\":1,\"name\":\"Home\",\"item\":\"https:\\\/\\\/temsanair.com\\\/tr\\\/ana-sayfa\\\/\"},{\"@type\":\"ListItem\",\"position\":2,\"name\":\"Uygulamalar\",\"item\":\"https:\\\/\\\/temsanair.com\\\/tr\\\/uygulamalar\\\/\"},{\"@type\":\"ListItem\",\"position\":3,\"name\":\"POY\"}]},{\"@type\":\"WebSite\",\"@id\":\"https:\\\/\\\/temsanair.com\\\/tr\\\/#website\",\"url\":\"https:\\\/\\\/temsanair.com\\\/tr\\\/\",\"name\":\"Temsan Air\",\"description\":\"Textile Machinery Manufacturer\",\"publisher\":{\"@id\":\"https:\\\/\\\/temsanair.com\\\/tr\\\/#organization\"},\"potentialAction\":[{\"@type\":\"SearchAction\",\"target\":{\"@type\":\"EntryPoint\",\"urlTemplate\":\"https:\\\/\\\/temsanair.com\\\/tr\\\/?s={search_term_string}\"},\"query-input\":{\"@type\":\"PropertyValueSpecification\",\"valueRequired\":true,\"valueName\":\"search_term_string\"}}],\"inLanguage\":\"tr\"},{\"@type\":\"Organization\",\"@id\":\"https:\\\/\\\/temsanair.com\\\/tr\\\/#organization\",\"name\":\"Temsan Air Engineering\",\"alternateName\":\"Temsan\",\"url\":\"https:\\\/\\\/temsanair.com\\\/tr\\\/\",\"logo\":{\"@type\":\"ImageObject\",\"inLanguage\":\"tr\",\"@id\":\"https:\\\/\\\/temsanair.com\\\/tr\\\/#\\\/schema\\\/logo\\\/image\\\/\",\"url\":\"https:\\\/\\\/temsanair.com\\\/wp-content\\\/uploads\\\/2025\\\/04\\\/t-logo.png\",\"contentUrl\":\"https:\\\/\\\/temsanair.com\\\/wp-content\\\/uploads\\\/2025\\\/04\\\/t-logo.png\",\"width\":312,\"height\":81,\"caption\":\"Temsan Air Engineering\"},\"image\":{\"@id\":\"https:\\\/\\\/temsanair.com\\\/tr\\\/#\\\/schema\\\/logo\\\/image\\\/\"},\"sameAs\":[\"https:\\\/\\\/www.facebook.com\\\/temsanair\",\"https:\\\/\\\/www.linkedin.com\\\/company\\\/temsanair\"]}]}<\/script>\n<!-- \/ Yoast SEO plugin. -->","yoast_head_json":{"title":"POY Uygulamas\u0131 | POY \u00dcretimi i\u00e7in \u0130klimlendirme Sistemi","description":"Temsan Air, POY \u00fcretimi i\u00e7in \u00f6zel klima ve filtrasyon \u00e7\u00f6z\u00fcmleri sunarak, iplik kalitesinin s\u00fcreklili\u011fi i\u00e7in optimum hava dengesi, so\u011futma ve nem sa\u011flar.","robots":{"index":"index","follow":"follow","max-snippet":"max-snippet:-1","max-image-preview":"max-image-preview:large","max-video-preview":"max-video-preview:-1"},"canonical":"https:\/\/temsanair.com\/tr\/uygulamalar\/poy\/","og_locale":"tr_TR","og_type":"article","og_title":"POY Uygulamas\u0131 | POY \u00dcretimi i\u00e7in \u0130klimlendirme Sistemi","og_description":"Temsan Air, POY \u00fcretimi i\u00e7in \u00f6zel klima ve filtrasyon \u00e7\u00f6z\u00fcmleri sunarak, iplik kalitesinin s\u00fcreklili\u011fi i\u00e7in optimum hava dengesi, so\u011futma ve nem sa\u011flar.","og_url":"https:\/\/temsanair.com\/tr\/uygulamalar\/poy\/","og_site_name":"Temsan","article_publisher":"https:\/\/www.facebook.com\/temsanair","article_modified_time":"2025-10-17T10:53:45+00:00","twitter_card":"summary_large_image","schema":{"@context":"https:\/\/schema.org","@graph":[{"@type":"WebPage","@id":"https:\/\/temsanair.com\/tr\/uygulamalar\/poy\/","url":"https:\/\/temsanair.com\/tr\/uygulamalar\/poy\/","name":"POY Uygulamas\u0131 | POY \u00dcretimi i\u00e7in \u0130klimlendirme Sistemi","isPartOf":{"@id":"https:\/\/temsanair.com\/tr\/#website"},"datePublished":"2025-06-24T11:15:58+00:00","dateModified":"2025-10-17T10:53:45+00:00","description":"Temsan Air, POY \u00fcretimi i\u00e7in \u00f6zel klima ve filtrasyon \u00e7\u00f6z\u00fcmleri sunarak, iplik kalitesinin s\u00fcreklili\u011fi i\u00e7in optimum hava dengesi, so\u011futma ve nem sa\u011flar.","breadcrumb":{"@id":"https:\/\/temsanair.com\/tr\/uygulamalar\/poy\/#breadcrumb"},"inLanguage":"tr","potentialAction":[{"@type":"ReadAction","target":["https:\/\/temsanair.com\/tr\/uygulamalar\/poy\/"]}]},{"@type":"BreadcrumbList","@id":"https:\/\/temsanair.com\/tr\/uygulamalar\/poy\/#breadcrumb","itemListElement":[{"@type":"ListItem","position":1,"name":"Home","item":"https:\/\/temsanair.com\/tr\/ana-sayfa\/"},{"@type":"ListItem","position":2,"name":"Uygulamalar","item":"https:\/\/temsanair.com\/tr\/uygulamalar\/"},{"@type":"ListItem","position":3,"name":"POY"}]},{"@type":"WebSite","@id":"https:\/\/temsanair.com\/tr\/#website","url":"https:\/\/temsanair.com\/tr\/","name":"Temsan Air","description":"Textile Machinery Manufacturer","publisher":{"@id":"https:\/\/temsanair.com\/tr\/#organization"},"potentialAction":[{"@type":"SearchAction","target":{"@type":"EntryPoint","urlTemplate":"https:\/\/temsanair.com\/tr\/?s={search_term_string}"},"query-input":{"@type":"PropertyValueSpecification","valueRequired":true,"valueName":"search_term_string"}}],"inLanguage":"tr"},{"@type":"Organization","@id":"https:\/\/temsanair.com\/tr\/#organization","name":"Temsan Air Engineering","alternateName":"Temsan","url":"https:\/\/temsanair.com\/tr\/","logo":{"@type":"ImageObject","inLanguage":"tr","@id":"https:\/\/temsanair.com\/tr\/#\/schema\/logo\/image\/","url":"https:\/\/temsanair.com\/wp-content\/uploads\/2025\/04\/t-logo.png","contentUrl":"https:\/\/temsanair.com\/wp-content\/uploads\/2025\/04\/t-logo.png","width":312,"height":81,"caption":"Temsan Air Engineering"},"image":{"@id":"https:\/\/temsanair.com\/tr\/#\/schema\/logo\/image\/"},"sameAs":["https:\/\/www.facebook.com\/temsanair","https:\/\/www.linkedin.com\/company\/temsanair"]}]}},"_links":{"self":[{"href":"https:\/\/temsanair.com\/tr\/wp-json\/wp\/v2\/pages\/1441","targetHints":{"allow":["GET"]}}],"collection":[{"href":"https:\/\/temsanair.com\/tr\/wp-json\/wp\/v2\/pages"}],"about":[{"href":"https:\/\/temsanair.com\/tr\/wp-json\/wp\/v2\/types\/page"}],"author":[{"embeddable":true,"href":"https:\/\/temsanair.com\/tr\/wp-json\/wp\/v2\/users\/1"}],"replies":[{"embeddable":true,"href":"https:\/\/temsanair.com\/tr\/wp-json\/wp\/v2\/comments?post=1441"}],"version-history":[{"count":1,"href":"https:\/\/temsanair.com\/tr\/wp-json\/wp\/v2\/pages\/1441\/revisions"}],"predecessor-version":[{"id":1460,"href":"https:\/\/temsanair.com\/tr\/wp-json\/wp\/v2\/pages\/1441\/revisions\/1460"}],"up":[{"embeddable":true,"href":"https:\/\/temsanair.com\/tr\/wp-json\/wp\/v2\/pages\/1374"}],"wp:attachment":[{"href":"https:\/\/temsanair.com\/tr\/wp-json\/wp\/v2\/media?parent=1441"}],"curies":[{"name":"wp","href":"https:\/\/api.w.org\/{rel}","templated":true}]}}