{"id":1570,"date":"2025-05-05T23:58:28","date_gmt":"2025-05-05T20:58:28","guid":{"rendered":"https:\/\/temsanair.com\/product\/dok-sarim\/"},"modified":"2025-05-05T23:58:28","modified_gmt":"2025-05-05T20:58:28","slug":"dok-sarim","status":"publish","type":"product","link":"https:\/\/temsanair.com\/tr\/\u00fcr\u00fcn\/dok-sarim\/","title":{"rendered":"Dok Sar\u0131m"},"content":{"rendered":"<p data-start=\"788\" data-end=\"1139\">Temsan Batcher Dok Sar\u0131m makineleri, dokuma, denim ve likral\u0131 kar\u0131\u015f\u0131ml\u0131 kuma\u015f uygulamalar\u0131 i\u00e7in <strong data-start=\"838\" data-end=\"896\">hassas, p\u00fcr\u00fczs\u00fcz ve gerilim kontroll\u00fc kuma\u015f sar\u0131m\u0131 <\/strong>sa\u011flamak \u00fczere tasarlanm\u0131\u015ft\u0131r.<br data-start=\"956\" data-end=\"959\">Y\u00fcksek performansl\u0131 dokuma operasyonlar\u0131 i\u00e7in geli\u015ftirilen Batcher Dok Sar\u0131m sistemi, de\u011fi\u015fen gramaj, gerilim ve kuma\u015f t\u00fcrlerinde bile kuma\u015f yap\u0131s\u0131na zarar vermeden homojen bir sar\u0131m sa\u011flar.<\/p>\n<p data-start=\"1141\" data-end=\"1486\"><strong data-start=\"1155\" data-end=\"1193\">Dijital olarak ayarlanabilir<\/strong> \u00e7al\u0131\u015fma h\u0131z\u0131 (0,1 m\/dk \u2013 2,5 m\/dk) sayesinde operat\u00f6rler, makineyi dokuma tezg\u00e2h\u0131 ile kolayca senkronize edebilir ve sonraki s\u00fcre\u00e7lerde kesintisiz bir ak\u0131\u015f sa\u011flar.<br data-start=\"1318\" data-end=\"1321\"><strong data-start=\"1332\" data-end=\"1369\">Dayan\u0131kl\u0131 kau\u00e7uk kapl\u0131 silindirler (\u00d8165 mm)<\/strong>, \u00fcst\u00fcn kavrama ve a\u015f\u0131nma direnci sunarak uzun \u00fcretim d\u00f6ng\u00fcleri boyunca tutarl\u0131 sar\u0131m kalitesini destekler.<\/p>\n<p data-start=\"1488\" data-end=\"1730\">Entegre <strong data-start=\"1503\" data-end=\"1526\">gerilim alg\u0131lay\u0131c\u0131 kol<\/strong>, kuma\u015f gerilimini s\u00fcrekli olarak izler ve elektronik kontrol sistemi \u00fczerinden sar\u0131m h\u0131z\u0131n\u0131 otomatik olarak ayarlar.<br \/>Bu sayede m\u00fckemmel sar\u0131m yo\u011funlu\u011fu, d\u00fczg\u00fcn kuma\u015f kenarlar\u0131 ve stabil bir paket olu\u015fumu sa\u011flan\u0131r. <\/p>\n<p data-start=\"1732\" data-end=\"1943\">Temsan Batcher Dok Sar\u0131m makineleri, <strong data-start=\"1765\" data-end=\"1788\">dayan\u0131kl\u0131 \u00e7elik g\u00f6vde<\/strong>, kolay eri\u015filebilir kontrol paneli ve g\u00fcvenilir elektronik bile\u015fenlerle \u00fcretilmi\u015ftir uzun \u00f6m\u00fcrl\u00fc performans ve minimum duru\u015f s\u00fcresi hedefleyen yo\u011fun \u00fcretim yapan tesisler i\u00e7in ideal bir \u00e7\u00f6z\u00fcm sunar.<\/p>\n<p data-start=\"1945\" data-end=\"2084\">Opsiyonel \u00f6zellikler olan <strong data-start=\"1971\" data-end=\"1993\">kontrol (inspection) ekranlar\u0131<\/strong> ve <strong data-start=\"1998\" data-end=\"2031\">otomatik pn\u00f6matik bo\u015faltma sistemi<\/strong>, verimlili\u011fi ve operat\u00f6r konforunu daha da art\u0131r\u0131r.<\/p>\n<hr data-start=\"2086\" data-end=\"2089\">\n<h2 data-start=\"2091\" data-end=\"2113\">\u2699\ufe0f Temel \u00d6zellikler<\/h2>\n<ul data-start=\"2115\" data-end=\"2771\">\n<li data-start=\"2115\" data-end=\"2168\">\n<p data-start=\"2117\" data-end=\"2168\"><strong data-start=\"2117\" data-end=\"2146\">Ayarlanabilir \u00c7al\u0131\u015fma Geni\u015fli\u011fi:<\/strong> 1.900 mm \u2013 3.800 mm<\/p>\n<\/li>\n<li data-start=\"2169\" data-end=\"2209\">\n<p data-start=\"2171\" data-end=\"2209\"><strong data-start=\"2171\" data-end=\"2192\">Sar\u0131m \u00c7ap\u0131:<\/strong> 1.500 mm\u2019ye kadar<\/p>\n<\/li>\n<li data-start=\"2210\" data-end=\"2291\">\n<p data-start=\"2212\" data-end=\"2291\"><strong data-start=\"2212\" data-end=\"2241\">Elektronik H\u0131z Kontrol\u00fc: <\/strong>0,1\u20132,5 m\/dk, tezg\u00e2h ile tam senkronize \u00e7al\u0131\u015fma<\/p>\n<\/li>\n<li data-start=\"2292\" data-end=\"2356\">\n<p data-start=\"2294\" data-end=\"2356\"><strong data-start=\"2294\" data-end=\"2319\">Kuma\u015f Uyumlulu\u011fu: <\/strong>Denim, dokuma kuma\u015flar, likra kar\u0131\u015f\u0131mlar\u0131<\/p>\n<\/li>\n<li data-start=\"2357\" data-end=\"2438\">\n<p data-start=\"2359\" data-end=\"2438\"><strong data-start=\"2359\" data-end=\"2389\">Dayan\u0131kl\u0131 Sar\u0131m Silindirleri:<\/strong> \u00d8165 mm, a\u015f\u0131nma direncini art\u0131ran kau\u00e7uk kaplama ile<\/p>\n<\/li>\n<li data-start=\"2439\" data-end=\"2521\">\n<p data-start=\"2441\" data-end=\"2521\"><strong data-start=\"2441\" data-end=\"2469\">Gerilim Senkronizasyonu: <\/strong>M\u00fckemmel sar\u0131m yo\u011funlu\u011fu i\u00e7in ger\u00e7ek zamanl\u0131 \u00e7al\u0131\u015fan alg\u0131lay\u0131c\u0131 kol sistem\u0131<\/p>\n<\/li>\n<li data-start=\"2522\" data-end=\"2611\">\n<p data-start=\"2524\" data-end=\"2611\"><strong data-start=\"2524\" data-end=\"2556\">Kullan\u0131c\u0131 Dostu Kontrol Paneli:<\/strong> \u0130leri\/geri hareket butonlar\u0131 ve durum g\u00f6stergeleri ile donat\u0131lm\u0131\u015ft\u0131r<\/p>\n<\/li>\n<li data-start=\"2612\" data-end=\"2692\">\n<p data-start=\"2614\" data-end=\"2692\"><strong data-start=\"2614\" data-end=\"2642\">Sa\u011flam End\u00fcstriyel Yap\u0131:<\/strong> Stabilite ve uzun \u00f6m\u00fcrl\u00fc dayan\u0131m i\u00e7in tasarlanm\u0131\u015ft\u0131r<\/p>\n<\/li>\n<li data-start=\"2693\" data-end=\"2771\">\n<p data-start=\"2695\" data-end=\"2771\"><strong data-start=\"2695\" data-end=\"2715\">D\u00fc\u015f\u00fck Bak\u0131m \u0130htiyac\u0131:<\/strong> Kolay eri\u015filebilir mekanik yerle\u015fim ve g\u00fcvenilir bile\u015fenler ile<\/p>\n<\/li>\n<\/ul>\n<hr data-start=\"2773\" data-end=\"2776\">\n<h2 data-start=\"2778\" data-end=\"2805\">\ud83e\udde9<strong data-start=\"2784\" data-end=\"2805\">Opsiyonel \u00d6zellikler<\/strong><\/h2>\n<ul data-start=\"2807\" data-end=\"3062\">\n<li data-start=\"2807\" data-end=\"2877\">\n<p data-start=\"2809\" data-end=\"2877\"><strong data-start=\"2809\" data-end=\"2831\">Kontrol Ekran\u0131: <\/strong>Kuma\u015f kontrol\u00fc i\u00e7in dikey veya e\u011fimli tasar\u0131m se\u00e7enekleri<\/p>\n<\/li>\n<li data-start=\"2878\" data-end=\"2944\">\n<p data-start=\"2880\" data-end=\"2944\"><strong data-start=\"2880\" data-end=\"2916\">Otomatik Bo\u015faltma (Pn\u00f6matik):<\/strong> Y\u00fcksek verimlilikte bo\u015faltma sa\u011flar<\/p>\n<\/li>\n<li data-start=\"2945\" data-end=\"2997\">\n<p data-start=\"2947\" data-end=\"2997\"><strong data-start=\"2947\" data-end=\"2968\">Manuel Bo\u015faltma: <\/strong>Maliyet etkin bir alternatiftir<\/p>\n<\/li>\n<li data-start=\"2998\" data-end=\"3062\">\n<p data-start=\"3000\" data-end=\"3062\"><strong data-start=\"3000\" data-end=\"3026\">\u00d6zel \u00c7al\u0131\u015fma Geni\u015flikleri:<\/strong> Farkl\u0131 tezg\u00e2h ebatlar\u0131na g\u00f6re \u00f6zelle\u015ftirilebilir<\/p>\n<\/li>\n<\/ul>\n<h2 data-start=\"3202\" data-end=\"3224\">\ud83c\udf0d <strong data-start=\"3208\" data-end=\"3224\">Uygulama Alanlar\u0131<\/strong><\/h2>\n<p data-start=\"3226\" data-end=\"3256\">Temsan Batcher Dok Sar\u0131m sistemi ideal kullan\u0131m alanlar\u0131:<\/p>\n<ul data-start=\"3257\" data-end=\"3527\">\n<li data-start=\"3257\" data-end=\"3319\">\n<p data-start=\"3259\" data-end=\"3319\"><strong data-start=\"3259\" data-end=\"3279\">Denim \u00dcretimi<\/strong> \u2013 Homojen sar\u0131m ve hassas gerilim kontrol\u00fc sa\u011flar<\/p>\n<\/li>\n<li data-start=\"3320\" data-end=\"3383\">\n<p data-start=\"3322\" data-end=\"3383\"><strong data-start=\"3322\" data-end=\"3350\">Y\u00fcksek H\u0131zl\u0131 Dokuma Hatlar\u0131 <\/strong>\u2013 Tezg\u00e2hla senkronize kuma\u015f transferi ve stabil sar\u0131m sa\u011flar<\/p>\n<\/li>\n<li data-start=\"3384\" data-end=\"3456\">\n<p data-start=\"3386\" data-end=\"3456\"><strong data-start=\"3386\" data-end=\"3411\">Kalite Kontrol Alanlar\u0131 <\/strong>\u2013 \u00d6zellikle kontrol ekran\u0131 opsiyonu ile ideal \u00e7\u00f6z\u00fcmd\u00fcr<\/p>\n<\/li>\n<li data-start=\"3457\" data-end=\"3527\">\n<p data-start=\"3459\" data-end=\"3527\">Likra ve Esnek Kuma\u015flar \u2013 Deformasyon olu\u015fturmadan p\u00fcr\u00fczs\u00fcz sar\u0131m sa\u011flar<\/p>\n<\/li>\n<\/ul>\n<p data-start=\"3529\" data-end=\"3755\"><strong data-start=\"3538\" data-end=\"3607\">Hassas kontrol yap\u0131s\u0131, dayan\u0131kl\u0131 konstr\u00fcksiyonu ve ak\u0131ll\u0131 senkronizasyon<\/strong> kabiliyeti sayesinde Temsan Batcher Dok Sar\u0131m sistemi; verimlilik, kalite ve uzun \u00f6m\u00fcrl\u00fc i\u015fletme performans\u0131 hedefleyen dokuma tesisleri i\u00e7in g\u00fcvenilir bir \u00e7\u00f6z\u00fcm sunar.<\/p>\n","protected":false},"excerpt":{"rendered":"<p>Temsan Batcher Dok Sar\u0131m makineleri, dokuma, denim ve likral\u0131 kar\u0131\u015f\u0131ml\u0131 kuma\u015f uygulamalar\u0131 i\u00e7in hassas, p\u00fcr\u00fczs\u00fcz ve gerilim kontroll\u00fc kuma\u015f sar\u0131m\u0131 sa\u011flamak \u00fczere tasarlanm\u0131\u015ft\u0131r.Y\u00fcksek performansl\u0131 dokuma operasyonlar\u0131<span class=\"excerpt-hellip\"> [\u2026]<\/span><\/p>\n","protected":false},"featured_media":1236,"template":"","meta":{"_acf_changed":false},"product_brand":[65],"product_cat":[152],"product_tag":[161,162],"class_list":{"0":"post-1570","1":"product","2":"type-product","3":"status-publish","4":"has-post-thumbnail","6":"product_brand-temsan","7":"product_cat-diger","8":"product_tag-dokuma","9":"product_tag-sarim","11":"first","12":"instock","13":"featured","14":"shipping-taxable","15":"product-type-simple"},"acf":[],"yoast_head":"<!-- This site is optimized with the Yoast SEO plugin v27.3 - https:\/\/yoast.com\/product\/yoast-seo-wordpress\/ -->\n<title>Batcher | Dokuma \u0130\u00e7in Y\u00fcksek Hassasiyetli Kuma\u015f Sar\u0131m Makinesi<\/title>\n<meta name=\"description\" content=\"Temsan Dok Sar\u0131m Makinesi, ayarlanabilir h\u0131z, dayan\u0131kl\u0131 silindirler, senkronize gerilim kontrol\u00fc ve g\u00fcvenilir \u00e7al\u0131\u015fma yap\u0131s\u0131 sayesinde denim ve dokuma kuma\u015flarda p\u00fcr\u00fczs\u00fcz ve kontroll\u00fc kuma\u015f sar\u0131m\u0131 sa\u011flar.\" \/>\n<meta name=\"robots\" content=\"index, follow, max-snippet:-1, max-image-preview:large, max-video-preview:-1\" \/>\n<link rel=\"canonical\" href=\"https:\/\/temsanair.com\/tr\/\u00fcr\u00fcn\/dok-sarim\/\" \/>\n<meta property=\"og:locale\" content=\"tr_TR\" \/>\n<meta property=\"og:type\" content=\"article\" \/>\n<meta property=\"og:title\" content=\"Batcher | Dokuma \u0130\u00e7in Y\u00fcksek Hassasiyetli Kuma\u015f Sar\u0131m Makinesi\" \/>\n<meta property=\"og:description\" content=\"Temsan Dok Sar\u0131m Makinesi, ayarlanabilir h\u0131z, dayan\u0131kl\u0131 silindirler, senkronize gerilim kontrol\u00fc ve g\u00fcvenilir \u00e7al\u0131\u015fma yap\u0131s\u0131 sayesinde denim ve dokuma kuma\u015flarda p\u00fcr\u00fczs\u00fcz ve kontroll\u00fc kuma\u015f sar\u0131m\u0131 sa\u011flar.\" \/>\n<meta property=\"og:url\" content=\"https:\/\/temsanair.com\/tr\/\u00fcr\u00fcn\/dok-sarim\/\" \/>\n<meta property=\"og:site_name\" content=\"Temsan\" \/>\n<meta property=\"article:publisher\" content=\"https:\/\/www.facebook.com\/temsanair\" \/>\n<meta property=\"og:image\" content=\"https:\/\/temsanair.com\/wp-content\/uploads\/2025\/05\/Batcher.png\" \/>\n\t<meta property=\"og:image:width\" content=\"800\" \/>\n\t<meta property=\"og:image:height\" content=\"800\" \/>\n\t<meta property=\"og:image:type\" content=\"image\/png\" \/>\n<meta name=\"twitter:card\" content=\"summary_large_image\" \/>\n<meta name=\"twitter:label1\" content=\"Tahmini okuma s\u00fcresi\" \/>\n\t<meta name=\"twitter:data1\" content=\"3 dakika\" \/>\n<script type=\"application\/ld+json\" class=\"yoast-schema-graph\">{\"@context\":\"https:\\\/\\\/schema.org\",\"@graph\":[{\"@type\":\"WebPage\",\"@id\":\"https:\\\/\\\/temsanair.com\\\/tr\\\/\u00fcr\u00fcn\\\/dok-sarim\\\/\",\"url\":\"https:\\\/\\\/temsanair.com\\\/tr\\\/\u00fcr\u00fcn\\\/dok-sarim\\\/\",\"name\":\"Batcher | Dokuma \u0130\u00e7in Y\u00fcksek Hassasiyetli Kuma\u015f Sar\u0131m Makinesi\",\"isPartOf\":{\"@id\":\"https:\\\/\\\/temsanair.com\\\/tr\\\/#website\"},\"primaryImageOfPage\":{\"@id\":\"https:\\\/\\\/temsanair.com\\\/tr\\\/\u00fcr\u00fcn\\\/dok-sarim\\\/#primaryimage\"},\"image\":{\"@id\":\"https:\\\/\\\/temsanair.com\\\/tr\\\/\u00fcr\u00fcn\\\/dok-sarim\\\/#primaryimage\"},\"thumbnailUrl\":\"https:\\\/\\\/temsanair.com\\\/wp-content\\\/uploads\\\/2025\\\/05\\\/Batcher.png\",\"datePublished\":\"2025-05-05T20:58:28+00:00\",\"description\":\"Temsan Dok Sar\u0131m Makinesi, ayarlanabilir h\u0131z, dayan\u0131kl\u0131 silindirler, senkronize gerilim kontrol\u00fc ve g\u00fcvenilir \u00e7al\u0131\u015fma yap\u0131s\u0131 sayesinde denim ve dokuma kuma\u015flarda p\u00fcr\u00fczs\u00fcz ve kontroll\u00fc kuma\u015f sar\u0131m\u0131 sa\u011flar.\",\"breadcrumb\":{\"@id\":\"https:\\\/\\\/temsanair.com\\\/tr\\\/\u00fcr\u00fcn\\\/dok-sarim\\\/#breadcrumb\"},\"inLanguage\":\"tr\",\"potentialAction\":[{\"@type\":\"ReadAction\",\"target\":[\"https:\\\/\\\/temsanair.com\\\/tr\\\/\u00fcr\u00fcn\\\/dok-sarim\\\/\"]}]},{\"@type\":\"ImageObject\",\"inLanguage\":\"tr\",\"@id\":\"https:\\\/\\\/temsanair.com\\\/tr\\\/\u00fcr\u00fcn\\\/dok-sarim\\\/#primaryimage\",\"url\":\"https:\\\/\\\/temsanair.com\\\/wp-content\\\/uploads\\\/2025\\\/05\\\/Batcher.png\",\"contentUrl\":\"https:\\\/\\\/temsanair.com\\\/wp-content\\\/uploads\\\/2025\\\/05\\\/Batcher.png\",\"width\":800,\"height\":800},{\"@type\":\"BreadcrumbList\",\"@id\":\"https:\\\/\\\/temsanair.com\\\/tr\\\/\u00fcr\u00fcn\\\/dok-sarim\\\/#breadcrumb\",\"itemListElement\":[{\"@type\":\"ListItem\",\"position\":1,\"name\":\"Home\",\"item\":\"https:\\\/\\\/temsanair.com\\\/tr\\\/ana-sayfa\\\/\"},{\"@type\":\"ListItem\",\"position\":2,\"name\":\"\u00dcr\u00fcnler\",\"item\":\"https:\\\/\\\/temsanair.com\\\/tr\\\/magaza\\\/\"},{\"@type\":\"ListItem\",\"position\":3,\"name\":\"Dok Sar\u0131m\"}]},{\"@type\":\"WebSite\",\"@id\":\"https:\\\/\\\/temsanair.com\\\/tr\\\/#website\",\"url\":\"https:\\\/\\\/temsanair.com\\\/tr\\\/\",\"name\":\"Temsan Air\",\"description\":\"Textile Machinery Manufacturer\",\"publisher\":{\"@id\":\"https:\\\/\\\/temsanair.com\\\/tr\\\/#organization\"},\"potentialAction\":[{\"@type\":\"SearchAction\",\"target\":{\"@type\":\"EntryPoint\",\"urlTemplate\":\"https:\\\/\\\/temsanair.com\\\/tr\\\/?s={search_term_string}\"},\"query-input\":{\"@type\":\"PropertyValueSpecification\",\"valueRequired\":true,\"valueName\":\"search_term_string\"}}],\"inLanguage\":\"tr\"},{\"@type\":\"Organization\",\"@id\":\"https:\\\/\\\/temsanair.com\\\/tr\\\/#organization\",\"name\":\"Temsan Air Engineering\",\"alternateName\":\"Temsan\",\"url\":\"https:\\\/\\\/temsanair.com\\\/tr\\\/\",\"logo\":{\"@type\":\"ImageObject\",\"inLanguage\":\"tr\",\"@id\":\"https:\\\/\\\/temsanair.com\\\/tr\\\/#\\\/schema\\\/logo\\\/image\\\/\",\"url\":\"https:\\\/\\\/temsanair.com\\\/wp-content\\\/uploads\\\/2025\\\/04\\\/t-logo.png\",\"contentUrl\":\"https:\\\/\\\/temsanair.com\\\/wp-content\\\/uploads\\\/2025\\\/04\\\/t-logo.png\",\"width\":312,\"height\":81,\"caption\":\"Temsan Air Engineering\"},\"image\":{\"@id\":\"https:\\\/\\\/temsanair.com\\\/tr\\\/#\\\/schema\\\/logo\\\/image\\\/\"},\"sameAs\":[\"https:\\\/\\\/www.facebook.com\\\/temsanair\",\"https:\\\/\\\/www.linkedin.com\\\/company\\\/temsanair\"]}]}<\/script>\n<!-- \/ Yoast SEO plugin. -->","yoast_head_json":{"title":"Batcher | Dokuma \u0130\u00e7in Y\u00fcksek Hassasiyetli Kuma\u015f Sar\u0131m Makinesi","description":"Temsan Dok Sar\u0131m Makinesi, ayarlanabilir h\u0131z, dayan\u0131kl\u0131 silindirler, senkronize gerilim kontrol\u00fc ve g\u00fcvenilir \u00e7al\u0131\u015fma yap\u0131s\u0131 sayesinde denim ve dokuma kuma\u015flarda p\u00fcr\u00fczs\u00fcz ve kontroll\u00fc kuma\u015f sar\u0131m\u0131 sa\u011flar.","robots":{"index":"index","follow":"follow","max-snippet":"max-snippet:-1","max-image-preview":"max-image-preview:large","max-video-preview":"max-video-preview:-1"},"canonical":"https:\/\/temsanair.com\/tr\/\u00fcr\u00fcn\/dok-sarim\/","og_locale":"tr_TR","og_type":"article","og_title":"Batcher | Dokuma \u0130\u00e7in Y\u00fcksek Hassasiyetli Kuma\u015f Sar\u0131m Makinesi","og_description":"Temsan Dok Sar\u0131m Makinesi, ayarlanabilir h\u0131z, dayan\u0131kl\u0131 silindirler, senkronize gerilim kontrol\u00fc ve g\u00fcvenilir \u00e7al\u0131\u015fma yap\u0131s\u0131 sayesinde denim ve dokuma kuma\u015flarda p\u00fcr\u00fczs\u00fcz ve kontroll\u00fc kuma\u015f sar\u0131m\u0131 sa\u011flar.","og_url":"https:\/\/temsanair.com\/tr\/\u00fcr\u00fcn\/dok-sarim\/","og_site_name":"Temsan","article_publisher":"https:\/\/www.facebook.com\/temsanair","og_image":[{"width":800,"height":800,"url":"https:\/\/temsanair.com\/wp-content\/uploads\/2025\/05\/Batcher.png","type":"image\/png"}],"twitter_card":"summary_large_image","twitter_misc":{"Tahmini okuma s\u00fcresi":"3 dakika"},"schema":{"@context":"https:\/\/schema.org","@graph":[{"@type":"WebPage","@id":"https:\/\/temsanair.com\/tr\/\u00fcr\u00fcn\/dok-sarim\/","url":"https:\/\/temsanair.com\/tr\/\u00fcr\u00fcn\/dok-sarim\/","name":"Batcher | Dokuma \u0130\u00e7in Y\u00fcksek Hassasiyetli Kuma\u015f Sar\u0131m Makinesi","isPartOf":{"@id":"https:\/\/temsanair.com\/tr\/#website"},"primaryImageOfPage":{"@id":"https:\/\/temsanair.com\/tr\/\u00fcr\u00fcn\/dok-sarim\/#primaryimage"},"image":{"@id":"https:\/\/temsanair.com\/tr\/\u00fcr\u00fcn\/dok-sarim\/#primaryimage"},"thumbnailUrl":"https:\/\/temsanair.com\/wp-content\/uploads\/2025\/05\/Batcher.png","datePublished":"2025-05-05T20:58:28+00:00","description":"Temsan Dok Sar\u0131m Makinesi, ayarlanabilir h\u0131z, dayan\u0131kl\u0131 silindirler, senkronize gerilim kontrol\u00fc ve g\u00fcvenilir \u00e7al\u0131\u015fma yap\u0131s\u0131 sayesinde denim ve dokuma kuma\u015flarda p\u00fcr\u00fczs\u00fcz ve kontroll\u00fc kuma\u015f sar\u0131m\u0131 sa\u011flar.","breadcrumb":{"@id":"https:\/\/temsanair.com\/tr\/\u00fcr\u00fcn\/dok-sarim\/#breadcrumb"},"inLanguage":"tr","potentialAction":[{"@type":"ReadAction","target":["https:\/\/temsanair.com\/tr\/\u00fcr\u00fcn\/dok-sarim\/"]}]},{"@type":"ImageObject","inLanguage":"tr","@id":"https:\/\/temsanair.com\/tr\/\u00fcr\u00fcn\/dok-sarim\/#primaryimage","url":"https:\/\/temsanair.com\/wp-content\/uploads\/2025\/05\/Batcher.png","contentUrl":"https:\/\/temsanair.com\/wp-content\/uploads\/2025\/05\/Batcher.png","width":800,"height":800},{"@type":"BreadcrumbList","@id":"https:\/\/temsanair.com\/tr\/\u00fcr\u00fcn\/dok-sarim\/#breadcrumb","itemListElement":[{"@type":"ListItem","position":1,"name":"Home","item":"https:\/\/temsanair.com\/tr\/ana-sayfa\/"},{"@type":"ListItem","position":2,"name":"\u00dcr\u00fcnler","item":"https:\/\/temsanair.com\/tr\/magaza\/"},{"@type":"ListItem","position":3,"name":"Dok Sar\u0131m"}]},{"@type":"WebSite","@id":"https:\/\/temsanair.com\/tr\/#website","url":"https:\/\/temsanair.com\/tr\/","name":"Temsan Air","description":"Textile Machinery Manufacturer","publisher":{"@id":"https:\/\/temsanair.com\/tr\/#organization"},"potentialAction":[{"@type":"SearchAction","target":{"@type":"EntryPoint","urlTemplate":"https:\/\/temsanair.com\/tr\/?s={search_term_string}"},"query-input":{"@type":"PropertyValueSpecification","valueRequired":true,"valueName":"search_term_string"}}],"inLanguage":"tr"},{"@type":"Organization","@id":"https:\/\/temsanair.com\/tr\/#organization","name":"Temsan Air Engineering","alternateName":"Temsan","url":"https:\/\/temsanair.com\/tr\/","logo":{"@type":"ImageObject","inLanguage":"tr","@id":"https:\/\/temsanair.com\/tr\/#\/schema\/logo\/image\/","url":"https:\/\/temsanair.com\/wp-content\/uploads\/2025\/04\/t-logo.png","contentUrl":"https:\/\/temsanair.com\/wp-content\/uploads\/2025\/04\/t-logo.png","width":312,"height":81,"caption":"Temsan Air Engineering"},"image":{"@id":"https:\/\/temsanair.com\/tr\/#\/schema\/logo\/image\/"},"sameAs":["https:\/\/www.facebook.com\/temsanair","https:\/\/www.linkedin.com\/company\/temsanair"]}]}},"_links":{"self":[{"href":"https:\/\/temsanair.com\/tr\/wp-json\/wp\/v2\/product\/1570","targetHints":{"allow":["GET"]}}],"collection":[{"href":"https:\/\/temsanair.com\/tr\/wp-json\/wp\/v2\/product"}],"about":[{"href":"https:\/\/temsanair.com\/tr\/wp-json\/wp\/v2\/types\/product"}],"wp:featuredmedia":[{"embeddable":true,"href":"https:\/\/temsanair.com\/tr\/wp-json\/wp\/v2\/media\/1236"}],"wp:attachment":[{"href":"https:\/\/temsanair.com\/tr\/wp-json\/wp\/v2\/media?parent=1570"}],"wp:term":[{"taxonomy":"product_brand","embeddable":true,"href":"https:\/\/temsanair.com\/tr\/wp-json\/wp\/v2\/product_brand?post=1570"},{"taxonomy":"product_cat","embeddable":true,"href":"https:\/\/temsanair.com\/tr\/wp-json\/wp\/v2\/product_cat?post=1570"},{"taxonomy":"product_tag","embeddable":true,"href":"https:\/\/temsanair.com\/tr\/wp-json\/wp\/v2\/product_tag?post=1570"}],"curies":[{"name":"wp","href":"https:\/\/api.w.org\/{rel}","templated":true}]}}