{"id":1572,"date":"2025-05-06T00:28:27","date_gmt":"2025-05-05T21:28:27","guid":{"rendered":"https:\/\/temsanair.com\/product\/dik-filtre\/"},"modified":"2025-05-06T00:28:27","modified_gmt":"2025-05-05T21:28:27","slug":"dik-filtre","status":"publish","type":"product","link":"https:\/\/temsanair.com\/tr\/\u00fcr\u00fcn\/dik-filtre\/","title":{"rendered":"Dik Filtre"},"content":{"rendered":"<p data-start=\"914\" data-end=\"1222\">Temsan Dikey (Perpendicular) Filtreler, tekstil iklimlendirme ve filtrasyon sistemlerinde <strong data-start=\"960\" data-end=\"1006\">dikey lif ayr\u0131\u015ft\u0131rma ve hava temizli\u011fi<\/strong> sa\u011flamak \u00fczere tasarlanm\u0131\u015ft\u0131r.<br data-start=\"1062\" data-end=\"1065\">Benzersiz <strong data-start=\"1078\" data-end=\"1110\">dikey hava ak\u0131\u015f tasar\u0131m<\/strong>\u0131, d\u00fc\u015f\u00fck bas\u0131n\u00e7 kayb\u0131n\u0131 korurken toz ve liflerin verimli bir \u015fekilde ayr\u0131\u015ft\u0131r\u0131lmas\u0131na ve sistemin stabil \u00e7al\u0131\u015fmas\u0131na olanak tan\u0131r.<\/p>\n<p data-start=\"1224\" data-end=\"1551\">Dayan\u0131kl\u0131 \u00e7elik g\u00f6vde ve hassas m\u00fchendislikle tasarlanm\u0131\u015f i\u00e7 elek yap\u0131s\u0131 sayesinde Temsan Dikey Filtreler uzun servis \u00f6mr\u00fc ve minimum bak\u0131m ihtiyac\u0131 sunar.<br data-start=\"1384\" data-end=\"1387\">Mod\u00fcler \u00e7er\u00e7eve yap\u0131s\u0131, kontrol ve temizlik i\u015flemlerine h\u0131zl\u0131 eri\u015fim sa\u011flar; bu da filtreleri ring, open-end, dokuma ve nonwoven tesislerinde kesintisiz \u00e7al\u0131\u015fma i\u00e7in ideal hale getirir.<\/p>\n<p data-start=\"1553\" data-end=\"1746\">Dikey hava ak\u0131\u015f\u0131 ve filtrasyon y\u00fczey alan\u0131n\u0131 optimize eden Temsan Dikey Filtreler, sonraki a\u015famadaki d\u00f6ner filtreleri korur, t\u0131kanmalar\u0131 \u00f6nler ve genel sistem verimlili\u011finin y\u00fcksek seviyede kalmas\u0131na yard\u0131mc\u0131 olur.<\/p>\n<hr data-start=\"1748\" data-end=\"1751\">\n<h3 data-start=\"1753\" data-end=\"1776\">\u2699\ufe0f <strong data-start=\"1760\" data-end=\"1776\">Temel \u00d6zellikler<\/strong><\/h3>\n<ul data-start=\"1778\" data-end=\"2223\">\n<li data-start=\"1778\" data-end=\"1852\">\n<p data-start=\"1780\" data-end=\"1852\"><strong data-start=\"1780\" data-end=\"1808\">Dikey Hava Ak\u0131\u015f Tasar\u0131m\u0131:<\/strong> Filtrasyon alan\u0131n\u0131 ve verimlili\u011fini maksimize eder.<\/p>\n<\/li>\n<li data-start=\"1853\" data-end=\"1930\">\n<p data-start=\"1855\" data-end=\"1930\"><strong data-start=\"1855\" data-end=\"1876\">Y\u00fcksek Performans:<\/strong> \u0130kincil filtrasyondan \u00f6nce lif ve tozu etkin \u015fekilde uzakla\u015ft\u0131r\u0131r.<\/p>\n<\/li>\n<li data-start=\"1931\" data-end=\"1999\">\n<p data-start=\"1933\" data-end=\"1999\">Dayan\u0131kl\u0131 Konstr\u00fcksiyon: End\u00fcstriyel g\u00fcvenilirlik i\u00e7in \u00e7elik g\u00f6vde yap\u0131s\u0131.<\/p>\n<\/li>\n<li data-start=\"2000\" data-end=\"2062\">\n<p data-start=\"2002\" data-end=\"2062\"><strong data-start=\"2002\" data-end=\"2024\">D\u00fc\u015f\u00fck Bas\u0131n\u00e7 Kayb\u0131:<\/strong> Enerji verimli \u00e7al\u0131\u015fma sa\u011flar.<\/p>\n<\/li>\n<li data-start=\"2063\" data-end=\"2134\">\n<p data-start=\"2065\" data-end=\"2134\"><strong data-start=\"2065\" data-end=\"2086\">Kolay Bak\u0131m:<\/strong> Temizlik ve servis i\u00e7in h\u0131zl\u0131 eri\u015fim panelleri.<\/p>\n<\/li>\n<li data-start=\"2135\" data-end=\"2223\">\n<p data-start=\"2137\" data-end=\"2223\"><strong data-start=\"2137\" data-end=\"2160\">Sistem Entegrasyonu:<\/strong> Temsan D\u00f6ner Filtreler ve Hava Y\u0131kay\u0131c\u0131larla (Air Washer) sorunsuz \u015fekilde \u00e7al\u0131\u015f\u0131r.<\/p>\n<\/li>\n<\/ul>\n<p data-start=\"2277\" data-end=\"2338\">\n","protected":false},"excerpt":{"rendered":"<p>Temsan Dikey (Perpendicular) Filtreler, tekstil iklimlendirme ve filtrasyon sistemlerinde dikey lif ayr\u0131\u015ft\u0131rma ve hava temizli\u011fi sa\u011flamak \u00fczere tasarlanm\u0131\u015ft\u0131r.Benzersiz dikey hava ak\u0131\u015f tasar\u0131m\u0131, d\u00fc\u015f\u00fck bas\u0131n\u00e7 kayb\u0131n\u0131 korurken<span class=\"excerpt-hellip\"> [\u2026]<\/span><\/p>\n","protected":false},"featured_media":1255,"template":"","meta":{"_acf_changed":false},"product_brand":[65],"product_cat":[163],"product_tag":[166,165,167,164],"class_list":{"0":"post-1572","1":"product","2":"type-product","3":"status-publish","4":"has-post-thumbnail","6":"product_brand-temsan","7":"product_cat-telef-toplama","8":"product_tag-lap","9":"product_tag-penye","10":"product_tag-surdurulebilirlik","11":"product_tag-telef","13":"first","14":"instock","15":"shipping-taxable","16":"product-type-simple"},"acf":[],"yoast_head":"<!-- This site is optimized with the Yoast SEO plugin v27.3 - https:\/\/yoast.com\/product\/yoast-seo-wordpress\/ -->\n<title>Dikey Filtre | Tekstil Hava Sistemleri i\u00e7in Dikey Elyaf Filtrasyonu<\/title>\n<meta name=\"description\" content=\"Temsan Dikey Filtreler, dikey hava ak\u0131\u015f\u0131 ile lif ve tozu etkili \u015fekilde yakalayarak filtrasyon verimlili\u011fini art\u0131r\u0131r, d\u00f6ner filtreleri korur ve daha temiz bir tekstil \u00fcretim ortam\u0131 sa\u011flar.\" \/>\n<meta name=\"robots\" content=\"index, follow, max-snippet:-1, max-image-preview:large, max-video-preview:-1\" \/>\n<link rel=\"canonical\" href=\"https:\/\/temsanair.com\/tr\/\u00fcr\u00fcn\/dik-filtre\/\" \/>\n<meta property=\"og:locale\" content=\"tr_TR\" \/>\n<meta property=\"og:type\" content=\"article\" \/>\n<meta property=\"og:title\" content=\"Dikey Filtre | Tekstil Hava Sistemleri i\u00e7in Dikey Elyaf Filtrasyonu\" \/>\n<meta property=\"og:description\" content=\"Temsan Dikey Filtreler, dikey hava ak\u0131\u015f\u0131 ile lif ve tozu etkili \u015fekilde yakalayarak filtrasyon verimlili\u011fini art\u0131r\u0131r, d\u00f6ner filtreleri korur ve daha temiz bir tekstil \u00fcretim ortam\u0131 sa\u011flar.\" \/>\n<meta property=\"og:url\" content=\"https:\/\/temsanair.com\/tr\/\u00fcr\u00fcn\/dik-filtre\/\" \/>\n<meta property=\"og:site_name\" content=\"Temsan\" \/>\n<meta property=\"article:publisher\" content=\"https:\/\/www.facebook.com\/temsanair\" \/>\n<meta property=\"og:image\" content=\"https:\/\/temsanair.com\/wp-content\/uploads\/2025\/05\/Perpendicular-FIlter.png\" \/>\n\t<meta property=\"og:image:width\" content=\"800\" \/>\n\t<meta property=\"og:image:height\" content=\"800\" \/>\n\t<meta property=\"og:image:type\" content=\"image\/png\" \/>\n<meta name=\"twitter:card\" content=\"summary_large_image\" \/>\n<meta name=\"twitter:label1\" content=\"Tahmini okuma s\u00fcresi\" \/>\n\t<meta name=\"twitter:data1\" content=\"1 dakika\" \/>\n<script type=\"application\/ld+json\" class=\"yoast-schema-graph\">{\"@context\":\"https:\\\/\\\/schema.org\",\"@graph\":[{\"@type\":\"WebPage\",\"@id\":\"https:\\\/\\\/temsanair.com\\\/tr\\\/\u00fcr\u00fcn\\\/dik-filtre\\\/\",\"url\":\"https:\\\/\\\/temsanair.com\\\/tr\\\/\u00fcr\u00fcn\\\/dik-filtre\\\/\",\"name\":\"Dikey Filtre | Tekstil Hava Sistemleri i\u00e7in Dikey Elyaf Filtrasyonu\",\"isPartOf\":{\"@id\":\"https:\\\/\\\/temsanair.com\\\/tr\\\/#website\"},\"primaryImageOfPage\":{\"@id\":\"https:\\\/\\\/temsanair.com\\\/tr\\\/\u00fcr\u00fcn\\\/dik-filtre\\\/#primaryimage\"},\"image\":{\"@id\":\"https:\\\/\\\/temsanair.com\\\/tr\\\/\u00fcr\u00fcn\\\/dik-filtre\\\/#primaryimage\"},\"thumbnailUrl\":\"https:\\\/\\\/temsanair.com\\\/wp-content\\\/uploads\\\/2025\\\/05\\\/Perpendicular-FIlter.png\",\"datePublished\":\"2025-05-05T21:28:27+00:00\",\"description\":\"Temsan Dikey Filtreler, dikey hava ak\u0131\u015f\u0131 ile lif ve tozu etkili \u015fekilde yakalayarak filtrasyon verimlili\u011fini art\u0131r\u0131r, d\u00f6ner filtreleri korur ve daha temiz bir tekstil \u00fcretim ortam\u0131 sa\u011flar.\",\"breadcrumb\":{\"@id\":\"https:\\\/\\\/temsanair.com\\\/tr\\\/\u00fcr\u00fcn\\\/dik-filtre\\\/#breadcrumb\"},\"inLanguage\":\"tr\",\"potentialAction\":[{\"@type\":\"ReadAction\",\"target\":[\"https:\\\/\\\/temsanair.com\\\/tr\\\/\u00fcr\u00fcn\\\/dik-filtre\\\/\"]}]},{\"@type\":\"ImageObject\",\"inLanguage\":\"tr\",\"@id\":\"https:\\\/\\\/temsanair.com\\\/tr\\\/\u00fcr\u00fcn\\\/dik-filtre\\\/#primaryimage\",\"url\":\"https:\\\/\\\/temsanair.com\\\/wp-content\\\/uploads\\\/2025\\\/05\\\/Perpendicular-FIlter.png\",\"contentUrl\":\"https:\\\/\\\/temsanair.com\\\/wp-content\\\/uploads\\\/2025\\\/05\\\/Perpendicular-FIlter.png\",\"width\":800,\"height\":800},{\"@type\":\"BreadcrumbList\",\"@id\":\"https:\\\/\\\/temsanair.com\\\/tr\\\/\u00fcr\u00fcn\\\/dik-filtre\\\/#breadcrumb\",\"itemListElement\":[{\"@type\":\"ListItem\",\"position\":1,\"name\":\"Home\",\"item\":\"https:\\\/\\\/temsanair.com\\\/tr\\\/ana-sayfa\\\/\"},{\"@type\":\"ListItem\",\"position\":2,\"name\":\"\u00dcr\u00fcnler\",\"item\":\"https:\\\/\\\/temsanair.com\\\/tr\\\/magaza\\\/\"},{\"@type\":\"ListItem\",\"position\":3,\"name\":\"Dik Filtre\"}]},{\"@type\":\"WebSite\",\"@id\":\"https:\\\/\\\/temsanair.com\\\/tr\\\/#website\",\"url\":\"https:\\\/\\\/temsanair.com\\\/tr\\\/\",\"name\":\"Temsan Air\",\"description\":\"Textile Machinery Manufacturer\",\"publisher\":{\"@id\":\"https:\\\/\\\/temsanair.com\\\/tr\\\/#organization\"},\"potentialAction\":[{\"@type\":\"SearchAction\",\"target\":{\"@type\":\"EntryPoint\",\"urlTemplate\":\"https:\\\/\\\/temsanair.com\\\/tr\\\/?s={search_term_string}\"},\"query-input\":{\"@type\":\"PropertyValueSpecification\",\"valueRequired\":true,\"valueName\":\"search_term_string\"}}],\"inLanguage\":\"tr\"},{\"@type\":\"Organization\",\"@id\":\"https:\\\/\\\/temsanair.com\\\/tr\\\/#organization\",\"name\":\"Temsan Air Engineering\",\"alternateName\":\"Temsan\",\"url\":\"https:\\\/\\\/temsanair.com\\\/tr\\\/\",\"logo\":{\"@type\":\"ImageObject\",\"inLanguage\":\"tr\",\"@id\":\"https:\\\/\\\/temsanair.com\\\/tr\\\/#\\\/schema\\\/logo\\\/image\\\/\",\"url\":\"https:\\\/\\\/temsanair.com\\\/wp-content\\\/uploads\\\/2025\\\/04\\\/t-logo.png\",\"contentUrl\":\"https:\\\/\\\/temsanair.com\\\/wp-content\\\/uploads\\\/2025\\\/04\\\/t-logo.png\",\"width\":312,\"height\":81,\"caption\":\"Temsan Air Engineering\"},\"image\":{\"@id\":\"https:\\\/\\\/temsanair.com\\\/tr\\\/#\\\/schema\\\/logo\\\/image\\\/\"},\"sameAs\":[\"https:\\\/\\\/www.facebook.com\\\/temsanair\",\"https:\\\/\\\/www.linkedin.com\\\/company\\\/temsanair\"]}]}<\/script>\n<!-- \/ Yoast SEO plugin. -->","yoast_head_json":{"title":"Dikey Filtre | Tekstil Hava Sistemleri i\u00e7in Dikey Elyaf Filtrasyonu","description":"Temsan Dikey Filtreler, dikey hava ak\u0131\u015f\u0131 ile lif ve tozu etkili \u015fekilde yakalayarak filtrasyon verimlili\u011fini art\u0131r\u0131r, d\u00f6ner filtreleri korur ve daha temiz bir tekstil \u00fcretim ortam\u0131 sa\u011flar.","robots":{"index":"index","follow":"follow","max-snippet":"max-snippet:-1","max-image-preview":"max-image-preview:large","max-video-preview":"max-video-preview:-1"},"canonical":"https:\/\/temsanair.com\/tr\/\u00fcr\u00fcn\/dik-filtre\/","og_locale":"tr_TR","og_type":"article","og_title":"Dikey Filtre | Tekstil Hava Sistemleri i\u00e7in Dikey Elyaf Filtrasyonu","og_description":"Temsan Dikey Filtreler, dikey hava ak\u0131\u015f\u0131 ile lif ve tozu etkili \u015fekilde yakalayarak filtrasyon verimlili\u011fini art\u0131r\u0131r, d\u00f6ner filtreleri korur ve daha temiz bir tekstil \u00fcretim ortam\u0131 sa\u011flar.","og_url":"https:\/\/temsanair.com\/tr\/\u00fcr\u00fcn\/dik-filtre\/","og_site_name":"Temsan","article_publisher":"https:\/\/www.facebook.com\/temsanair","og_image":[{"width":800,"height":800,"url":"https:\/\/temsanair.com\/wp-content\/uploads\/2025\/05\/Perpendicular-FIlter.png","type":"image\/png"}],"twitter_card":"summary_large_image","twitter_misc":{"Tahmini okuma s\u00fcresi":"1 dakika"},"schema":{"@context":"https:\/\/schema.org","@graph":[{"@type":"WebPage","@id":"https:\/\/temsanair.com\/tr\/\u00fcr\u00fcn\/dik-filtre\/","url":"https:\/\/temsanair.com\/tr\/\u00fcr\u00fcn\/dik-filtre\/","name":"Dikey Filtre | Tekstil Hava Sistemleri i\u00e7in Dikey Elyaf Filtrasyonu","isPartOf":{"@id":"https:\/\/temsanair.com\/tr\/#website"},"primaryImageOfPage":{"@id":"https:\/\/temsanair.com\/tr\/\u00fcr\u00fcn\/dik-filtre\/#primaryimage"},"image":{"@id":"https:\/\/temsanair.com\/tr\/\u00fcr\u00fcn\/dik-filtre\/#primaryimage"},"thumbnailUrl":"https:\/\/temsanair.com\/wp-content\/uploads\/2025\/05\/Perpendicular-FIlter.png","datePublished":"2025-05-05T21:28:27+00:00","description":"Temsan Dikey Filtreler, dikey hava ak\u0131\u015f\u0131 ile lif ve tozu etkili \u015fekilde yakalayarak filtrasyon verimlili\u011fini art\u0131r\u0131r, d\u00f6ner filtreleri korur ve daha temiz bir tekstil \u00fcretim ortam\u0131 sa\u011flar.","breadcrumb":{"@id":"https:\/\/temsanair.com\/tr\/\u00fcr\u00fcn\/dik-filtre\/#breadcrumb"},"inLanguage":"tr","potentialAction":[{"@type":"ReadAction","target":["https:\/\/temsanair.com\/tr\/\u00fcr\u00fcn\/dik-filtre\/"]}]},{"@type":"ImageObject","inLanguage":"tr","@id":"https:\/\/temsanair.com\/tr\/\u00fcr\u00fcn\/dik-filtre\/#primaryimage","url":"https:\/\/temsanair.com\/wp-content\/uploads\/2025\/05\/Perpendicular-FIlter.png","contentUrl":"https:\/\/temsanair.com\/wp-content\/uploads\/2025\/05\/Perpendicular-FIlter.png","width":800,"height":800},{"@type":"BreadcrumbList","@id":"https:\/\/temsanair.com\/tr\/\u00fcr\u00fcn\/dik-filtre\/#breadcrumb","itemListElement":[{"@type":"ListItem","position":1,"name":"Home","item":"https:\/\/temsanair.com\/tr\/ana-sayfa\/"},{"@type":"ListItem","position":2,"name":"\u00dcr\u00fcnler","item":"https:\/\/temsanair.com\/tr\/magaza\/"},{"@type":"ListItem","position":3,"name":"Dik Filtre"}]},{"@type":"WebSite","@id":"https:\/\/temsanair.com\/tr\/#website","url":"https:\/\/temsanair.com\/tr\/","name":"Temsan Air","description":"Textile Machinery Manufacturer","publisher":{"@id":"https:\/\/temsanair.com\/tr\/#organization"},"potentialAction":[{"@type":"SearchAction","target":{"@type":"EntryPoint","urlTemplate":"https:\/\/temsanair.com\/tr\/?s={search_term_string}"},"query-input":{"@type":"PropertyValueSpecification","valueRequired":true,"valueName":"search_term_string"}}],"inLanguage":"tr"},{"@type":"Organization","@id":"https:\/\/temsanair.com\/tr\/#organization","name":"Temsan Air Engineering","alternateName":"Temsan","url":"https:\/\/temsanair.com\/tr\/","logo":{"@type":"ImageObject","inLanguage":"tr","@id":"https:\/\/temsanair.com\/tr\/#\/schema\/logo\/image\/","url":"https:\/\/temsanair.com\/wp-content\/uploads\/2025\/04\/t-logo.png","contentUrl":"https:\/\/temsanair.com\/wp-content\/uploads\/2025\/04\/t-logo.png","width":312,"height":81,"caption":"Temsan Air Engineering"},"image":{"@id":"https:\/\/temsanair.com\/tr\/#\/schema\/logo\/image\/"},"sameAs":["https:\/\/www.facebook.com\/temsanair","https:\/\/www.linkedin.com\/company\/temsanair"]}]}},"_links":{"self":[{"href":"https:\/\/temsanair.com\/tr\/wp-json\/wp\/v2\/product\/1572","targetHints":{"allow":["GET"]}}],"collection":[{"href":"https:\/\/temsanair.com\/tr\/wp-json\/wp\/v2\/product"}],"about":[{"href":"https:\/\/temsanair.com\/tr\/wp-json\/wp\/v2\/types\/product"}],"wp:featuredmedia":[{"embeddable":true,"href":"https:\/\/temsanair.com\/tr\/wp-json\/wp\/v2\/media\/1255"}],"wp:attachment":[{"href":"https:\/\/temsanair.com\/tr\/wp-json\/wp\/v2\/media?parent=1572"}],"wp:term":[{"taxonomy":"product_brand","embeddable":true,"href":"https:\/\/temsanair.com\/tr\/wp-json\/wp\/v2\/product_brand?post=1572"},{"taxonomy":"product_cat","embeddable":true,"href":"https:\/\/temsanair.com\/tr\/wp-json\/wp\/v2\/product_cat?post=1572"},{"taxonomy":"product_tag","embeddable":true,"href":"https:\/\/temsanair.com\/tr\/wp-json\/wp\/v2\/product_tag?post=1572"}],"curies":[{"name":"wp","href":"https:\/\/api.w.org\/{rel}","templated":true}]}}