{"id":1576,"date":"2025-05-06T00:14:32","date_gmt":"2025-05-05T21:14:32","guid":{"rendered":"https:\/\/temsanair.com\/product\/toz-briket-presi\/"},"modified":"2025-05-06T00:14:32","modified_gmt":"2025-05-05T21:14:32","slug":"toz-briket-presi","status":"publish","type":"product","link":"https:\/\/temsanair.com\/tr\/\u00fcr\u00fcn\/toz-briket-presi\/","title":{"rendered":"Toz Briket Presi"},"content":{"rendered":"<p data-start=\"937\" data-end=\"1241\">Temsan Toz Briketleme Makineleri, <strong data-start=\"978\" data-end=\"1032\">tekstil toz toplama s\u00fcrecinin son a\u015famas\u0131n\u0131<\/strong> temsil eder ve toplanan ince tozu kompakt, kolay y\u00f6netilebilir briket formuna d\u00f6n\u00fc\u015ft\u00fcr\u00fcr.<br data-start=\"1098\" data-end=\"1101\">Toz hacmini <strong data-start=\"1134\" data-end=\"1141\">%25<\/strong>\u2019e kadar azaltarak depolamay\u0131 kolayla\u015ft\u0131r\u0131r, daha temiz bir \u00e7al\u0131\u015fma sa\u011flar ve daha s\u00fcrd\u00fcr\u00fclebilir bertaraf veya geri d\u00f6n\u00fc\u015f\u00fcm imk\u00e2n\u0131 sunar.<\/p>\n<p data-start=\"1243\" data-end=\"1535\">Her bir \u00fcnite, toplanan malzemenin t\u00fcr\u00fcne ve miktar\u0131na ba\u011fl\u0131 olarak <strong data-start=\"1262\" data-end=\"1301\">otomatik veya manuel<\/strong> besleme se\u00e7enekleri sunar; bu da esnek bir \u00e7al\u0131\u015fma imk\u00e2n\u0131 sa\u011flar.<br data-start=\"1388\" data-end=\"1391\"><strong data-start=\"1410\" data-end=\"1424\">35\u201365 kg\/saat<\/strong> kapasitesiyle Toz Briketleme Makinesi, merkezi toz y\u00f6netim sistemlerinde kesintisiz \u00e7al\u0131\u015fma i\u00e7in m\u00fckemmel bir \u015fekilde uygundur.<\/p>\n<p data-start=\"1537\" data-end=\"1849\"><strong data-start=\"1548\" data-end=\"1586\">Sa\u011flam, end\u00fcstriyel <\/strong>s\u0131n\u0131f malzemelerle \u00fcretilmi\u015f olan makine, uzun s\u00fcreli g\u00fcvenilirlik ve minimum bak\u0131m ihtiyac\u0131 sunar.<br data-start=\"1654\" data-end=\"1657\">Temsan\u2019\u0131n <strong data-start=\"1697\" data-end=\"1734\">Otomatik Toz Toplama<\/strong> Sistemleri ve Kompakt\u00f6r \u00dcniteleri ile sorunsuz \u015fekilde entegre olarak tekstil ortamlar\u0131nda <strong data-start=\"1739\" data-end=\"1758\">tam otomatik <\/strong>bir toz y\u00f6netim \u00e7\u00f6z\u00fcm\u00fc sa\u011flar.<\/p>\n<hr data-start=\"1851\" data-end=\"1854\">\n<h3 data-start=\"1856\" data-end=\"1879\">\u2699\ufe0f <strong data-start=\"1863\" data-end=\"1879\">Temel \u00d6zellikler<\/strong><\/h3>\n<ul data-start=\"1881\" data-end=\"2376\">\n<li data-start=\"1881\" data-end=\"1979\">\n<p data-start=\"1883\" data-end=\"1979\"><strong data-start=\"1883\" data-end=\"1909\">Verimli S\u0131k\u0131\u015ft\u0131rma: <\/strong>Toz hacmini depolama ve bertaraf\u0131 kolayla\u015ft\u0131rmak i\u00e7in <strong data-start=\"1939\" data-end=\"1946\">%25<\/strong>\u2019e kadar azalt\u0131r.<\/p>\n<\/li>\n<li data-start=\"1980\" data-end=\"2052\">\n<p data-start=\"1982\" data-end=\"2052\"><strong data-start=\"1982\" data-end=\"2008\">Kompakt Briket Olu\u015fturma: <\/strong>\u00dcniform ve kolay ta\u015f\u0131nabilir toz briketleri \u00fcretir.<\/p>\n<\/li>\n<li data-start=\"2053\" data-end=\"2136\">\n<p data-start=\"2055\" data-end=\"2136\"><strong data-start=\"2055\" data-end=\"2078\">Esnek \u00c7al\u0131\u015fma: <\/strong>Farkl\u0131 malzeme t\u00fcrleri i\u00e7in otomatik veya manuel besleme imk\u00e2n\u0131 sunar.<\/p>\n<\/li>\n<li data-start=\"2137\" data-end=\"2221\">\n<p data-start=\"2139\" data-end=\"2221\"><strong data-start=\"2139\" data-end=\"2166\">Enerji ve \u0130\u015f\u00e7ilik Tasarrufu: <\/strong>Manuel m\u00fcdahaleyi ve ta\u015f\u0131ma ihtiyac\u0131n\u0131 minimuma indirir.<\/p>\n<\/li>\n<li data-start=\"2222\" data-end=\"2295\">\n<p data-start=\"2224\" data-end=\"2295\"><strong data-start=\"2224\" data-end=\"2249\">Dayan\u0131kl\u0131 Konstr\u00fcksiyon: <\/strong>A\u011f\u0131r hizmet tipi yap\u0131s\u0131 uzun servis \u00f6mr\u00fc sa\u011flar.<\/p>\n<\/li>\n<li data-start=\"2296\" data-end=\"2376\">\n<p data-start=\"2298\" data-end=\"2376\"><strong data-start=\"2298\" data-end=\"2321\">Sistem Entegrasyonu:<\/strong> Temsan toz toplama hatlar\u0131yla do\u011frudan ba\u011flanarak \u00e7al\u0131\u015f\u0131r.<\/p>\n<\/li>\n<\/ul>\n<hr data-start=\"2378\" data-end=\"2381\">\n<h3 data-start=\"2383\" data-end=\"2406\">\ud83c\udf0d <strong data-start=\"2390\" data-end=\"2406\">Uygulama Alanlar\u0131<\/strong><\/h3>\n<p data-start=\"2408\" data-end=\"2420\">Ideal kullan\u0131m alanlar\u0131:<\/p>\n<ul data-start=\"2421\" data-end=\"2657\">\n<li data-start=\"2421\" data-end=\"2493\">\n<p data-start=\"2423\" data-end=\"2493\"><strong data-start=\"2423\" data-end=\"2460\">Otomatik Toz Toplama Sistemleri <\/strong>\u2013 Tozun son a\u015famada briketlenerek s\u0131k\u0131\u015ft\u0131r\u0131lmas\u0131.<\/p>\n<\/li>\n<li data-start=\"2494\" data-end=\"2565\">\n<p data-start=\"2496\" data-end=\"2565\"><strong data-start=\"2496\" data-end=\"2530\">Merkezi Telef Y\u00f6netim Odalar\u0131 <\/strong>\u2013 Depolama verimlili\u011fini art\u0131r\u0131r.<\/p>\n<\/li>\n<li data-start=\"2566\" data-end=\"2657\">\n<p data-start=\"2568\" data-end=\"2657\"><strong data-start=\"2568\" data-end=\"2605\">S\u00fcrd\u00fcr\u00fclebilir \u00dcretim Tesisleri <\/strong>\u2013 Toz hacmini azaltarak \u00e7evresel etkiyi d\u00fc\u015f\u00fcr\u00fcr.<\/p>\n<\/li>\n<\/ul>\n<p data-start=\"2659\" data-end=\"2845\">Temsan Toz Briketleme Makineleri, ince tekstil tozunu y\u00f6netilebilir ve \u00e7evre dostu bir forma d\u00f6n\u00fc\u015ft\u00fcrerek daha temiz, daha g\u00fcvenli ve daha s\u00fcrd\u00fcr\u00fclebilir bir tekstil \u00fcretim ortam\u0131na katk\u0131 sa\u011flar.<\/p>\n","protected":false},"excerpt":{"rendered":"<p>Temsan Toz Briketleme Makineleri, tekstil toz toplama s\u00fcrecinin son a\u015famas\u0131n\u0131 temsil eder ve toplanan ince tozu kompakt, kolay y\u00f6netilebilir briket formuna d\u00f6n\u00fc\u015ft\u00fcr\u00fcr.Toz hacmini %25\u2019e kadar azaltarak<span class=\"excerpt-hellip\"> [\u2026]<\/span><\/p>\n","protected":false},"featured_media":1249,"template":"","meta":{"_acf_changed":false},"product_brand":[65],"product_cat":[152,149,150],"product_tag":[173,175,174,151,141],"class_list":{"0":"post-1576","1":"product","2":"type-product","3":"status-publish","4":"has-post-thumbnail","6":"product_brand-temsan","7":"product_cat-diger","8":"product_cat-otoamatik-toz-toplama","9":"product_cat-otomasyon","10":"product_tag-briketleme","11":"product_tag-manuel","12":"product_tag-otomatik","13":"product_tag-toz","14":"product_tag-verimli","16":"first","17":"instock","18":"shipping-taxable","19":"product-type-simple"},"acf":[],"yoast_head":"<!-- This site is optimized with the Yoast SEO plugin v27.3 - https:\/\/yoast.com\/product\/yoast-seo-wordpress\/ -->\n<title>Toz Briketleme Makinesi | Tekstil Tozu S\u0131k\u0131\u015ft\u0131rma ve Geri D\u00f6n\u00fc\u015f\u00fcm<\/title>\n<meta name=\"description\" content=\"Temsan Toz Briketleme Makineleri, toplanan tekstil tozunu kompakt briketlere s\u0131k\u0131\u015ft\u0131rarak hacmi, i\u015f\u00e7ilik ihtiyac\u0131n\u0131 ve elle\u00e7leme maliyetlerini azalt\u0131r; ayn\u0131 zamanda s\u00fcrd\u00fcr\u00fclebilirli\u011fi ve tesis temizli\u011fini art\u0131r\u0131r.\" \/>\n<meta name=\"robots\" content=\"index, follow, max-snippet:-1, max-image-preview:large, max-video-preview:-1\" \/>\n<link rel=\"canonical\" href=\"https:\/\/temsanair.com\/tr\/\u00fcr\u00fcn\/toz-briket-presi\/\" \/>\n<meta property=\"og:locale\" content=\"tr_TR\" \/>\n<meta property=\"og:type\" content=\"article\" \/>\n<meta property=\"og:title\" content=\"Toz Briketleme Makinesi | Tekstil Tozu S\u0131k\u0131\u015ft\u0131rma ve Geri D\u00f6n\u00fc\u015f\u00fcm\" \/>\n<meta property=\"og:description\" content=\"Temsan Toz Briketleme Makineleri, toplanan tekstil tozunu kompakt briketlere s\u0131k\u0131\u015ft\u0131rarak hacmi, i\u015f\u00e7ilik ihtiyac\u0131n\u0131 ve elle\u00e7leme maliyetlerini azalt\u0131r; ayn\u0131 zamanda s\u00fcrd\u00fcr\u00fclebilirli\u011fi ve tesis temizli\u011fini art\u0131r\u0131r.\" \/>\n<meta property=\"og:url\" content=\"https:\/\/temsanair.com\/tr\/\u00fcr\u00fcn\/toz-briket-presi\/\" \/>\n<meta property=\"og:site_name\" content=\"Temsan\" \/>\n<meta property=\"article:publisher\" content=\"https:\/\/www.facebook.com\/temsanair\" \/>\n<meta property=\"og:image\" content=\"https:\/\/temsanair.com\/wp-content\/uploads\/2025\/05\/Dust-Brick-Press.png\" \/>\n\t<meta property=\"og:image:width\" content=\"800\" \/>\n\t<meta property=\"og:image:height\" content=\"800\" \/>\n\t<meta property=\"og:image:type\" content=\"image\/png\" \/>\n<meta name=\"twitter:card\" content=\"summary_large_image\" \/>\n<meta name=\"twitter:label1\" content=\"Tahmini okuma s\u00fcresi\" \/>\n\t<meta name=\"twitter:data1\" content=\"2 dakika\" \/>\n<script type=\"application\/ld+json\" class=\"yoast-schema-graph\">{\"@context\":\"https:\\\/\\\/schema.org\",\"@graph\":[{\"@type\":\"WebPage\",\"@id\":\"https:\\\/\\\/temsanair.com\\\/tr\\\/\u00fcr\u00fcn\\\/toz-briket-presi\\\/\",\"url\":\"https:\\\/\\\/temsanair.com\\\/tr\\\/\u00fcr\u00fcn\\\/toz-briket-presi\\\/\",\"name\":\"Toz Briketleme Makinesi | Tekstil Tozu S\u0131k\u0131\u015ft\u0131rma ve Geri D\u00f6n\u00fc\u015f\u00fcm\",\"isPartOf\":{\"@id\":\"https:\\\/\\\/temsanair.com\\\/tr\\\/#website\"},\"primaryImageOfPage\":{\"@id\":\"https:\\\/\\\/temsanair.com\\\/tr\\\/\u00fcr\u00fcn\\\/toz-briket-presi\\\/#primaryimage\"},\"image\":{\"@id\":\"https:\\\/\\\/temsanair.com\\\/tr\\\/\u00fcr\u00fcn\\\/toz-briket-presi\\\/#primaryimage\"},\"thumbnailUrl\":\"https:\\\/\\\/temsanair.com\\\/wp-content\\\/uploads\\\/2025\\\/05\\\/Dust-Brick-Press.png\",\"datePublished\":\"2025-05-05T21:14:32+00:00\",\"description\":\"Temsan Toz Briketleme Makineleri, toplanan tekstil tozunu kompakt briketlere s\u0131k\u0131\u015ft\u0131rarak hacmi, i\u015f\u00e7ilik ihtiyac\u0131n\u0131 ve elle\u00e7leme maliyetlerini azalt\u0131r; ayn\u0131 zamanda s\u00fcrd\u00fcr\u00fclebilirli\u011fi ve tesis temizli\u011fini art\u0131r\u0131r.\",\"breadcrumb\":{\"@id\":\"https:\\\/\\\/temsanair.com\\\/tr\\\/\u00fcr\u00fcn\\\/toz-briket-presi\\\/#breadcrumb\"},\"inLanguage\":\"tr\",\"potentialAction\":[{\"@type\":\"ReadAction\",\"target\":[\"https:\\\/\\\/temsanair.com\\\/tr\\\/\u00fcr\u00fcn\\\/toz-briket-presi\\\/\"]}]},{\"@type\":\"ImageObject\",\"inLanguage\":\"tr\",\"@id\":\"https:\\\/\\\/temsanair.com\\\/tr\\\/\u00fcr\u00fcn\\\/toz-briket-presi\\\/#primaryimage\",\"url\":\"https:\\\/\\\/temsanair.com\\\/wp-content\\\/uploads\\\/2025\\\/05\\\/Dust-Brick-Press.png\",\"contentUrl\":\"https:\\\/\\\/temsanair.com\\\/wp-content\\\/uploads\\\/2025\\\/05\\\/Dust-Brick-Press.png\",\"width\":800,\"height\":800},{\"@type\":\"BreadcrumbList\",\"@id\":\"https:\\\/\\\/temsanair.com\\\/tr\\\/\u00fcr\u00fcn\\\/toz-briket-presi\\\/#breadcrumb\",\"itemListElement\":[{\"@type\":\"ListItem\",\"position\":1,\"name\":\"Home\",\"item\":\"https:\\\/\\\/temsanair.com\\\/tr\\\/ana-sayfa\\\/\"},{\"@type\":\"ListItem\",\"position\":2,\"name\":\"\u00dcr\u00fcnler\",\"item\":\"https:\\\/\\\/temsanair.com\\\/tr\\\/magaza\\\/\"},{\"@type\":\"ListItem\",\"position\":3,\"name\":\"Toz Briket Presi\"}]},{\"@type\":\"WebSite\",\"@id\":\"https:\\\/\\\/temsanair.com\\\/tr\\\/#website\",\"url\":\"https:\\\/\\\/temsanair.com\\\/tr\\\/\",\"name\":\"Temsan Air\",\"description\":\"Textile Machinery Manufacturer\",\"publisher\":{\"@id\":\"https:\\\/\\\/temsanair.com\\\/tr\\\/#organization\"},\"potentialAction\":[{\"@type\":\"SearchAction\",\"target\":{\"@type\":\"EntryPoint\",\"urlTemplate\":\"https:\\\/\\\/temsanair.com\\\/tr\\\/?s={search_term_string}\"},\"query-input\":{\"@type\":\"PropertyValueSpecification\",\"valueRequired\":true,\"valueName\":\"search_term_string\"}}],\"inLanguage\":\"tr\"},{\"@type\":\"Organization\",\"@id\":\"https:\\\/\\\/temsanair.com\\\/tr\\\/#organization\",\"name\":\"Temsan Air Engineering\",\"alternateName\":\"Temsan\",\"url\":\"https:\\\/\\\/temsanair.com\\\/tr\\\/\",\"logo\":{\"@type\":\"ImageObject\",\"inLanguage\":\"tr\",\"@id\":\"https:\\\/\\\/temsanair.com\\\/tr\\\/#\\\/schema\\\/logo\\\/image\\\/\",\"url\":\"https:\\\/\\\/temsanair.com\\\/wp-content\\\/uploads\\\/2025\\\/04\\\/t-logo.png\",\"contentUrl\":\"https:\\\/\\\/temsanair.com\\\/wp-content\\\/uploads\\\/2025\\\/04\\\/t-logo.png\",\"width\":312,\"height\":81,\"caption\":\"Temsan Air Engineering\"},\"image\":{\"@id\":\"https:\\\/\\\/temsanair.com\\\/tr\\\/#\\\/schema\\\/logo\\\/image\\\/\"},\"sameAs\":[\"https:\\\/\\\/www.facebook.com\\\/temsanair\",\"https:\\\/\\\/www.linkedin.com\\\/company\\\/temsanair\"]}]}<\/script>\n<!-- \/ Yoast SEO plugin. -->","yoast_head_json":{"title":"Toz Briketleme Makinesi | Tekstil Tozu S\u0131k\u0131\u015ft\u0131rma ve Geri D\u00f6n\u00fc\u015f\u00fcm","description":"Temsan Toz Briketleme Makineleri, toplanan tekstil tozunu kompakt briketlere s\u0131k\u0131\u015ft\u0131rarak hacmi, i\u015f\u00e7ilik ihtiyac\u0131n\u0131 ve elle\u00e7leme maliyetlerini azalt\u0131r; ayn\u0131 zamanda s\u00fcrd\u00fcr\u00fclebilirli\u011fi ve tesis temizli\u011fini art\u0131r\u0131r.","robots":{"index":"index","follow":"follow","max-snippet":"max-snippet:-1","max-image-preview":"max-image-preview:large","max-video-preview":"max-video-preview:-1"},"canonical":"https:\/\/temsanair.com\/tr\/\u00fcr\u00fcn\/toz-briket-presi\/","og_locale":"tr_TR","og_type":"article","og_title":"Toz Briketleme Makinesi | Tekstil Tozu S\u0131k\u0131\u015ft\u0131rma ve Geri D\u00f6n\u00fc\u015f\u00fcm","og_description":"Temsan Toz Briketleme Makineleri, toplanan tekstil tozunu kompakt briketlere s\u0131k\u0131\u015ft\u0131rarak hacmi, i\u015f\u00e7ilik ihtiyac\u0131n\u0131 ve elle\u00e7leme maliyetlerini azalt\u0131r; ayn\u0131 zamanda s\u00fcrd\u00fcr\u00fclebilirli\u011fi ve tesis temizli\u011fini art\u0131r\u0131r.","og_url":"https:\/\/temsanair.com\/tr\/\u00fcr\u00fcn\/toz-briket-presi\/","og_site_name":"Temsan","article_publisher":"https:\/\/www.facebook.com\/temsanair","og_image":[{"width":800,"height":800,"url":"https:\/\/temsanair.com\/wp-content\/uploads\/2025\/05\/Dust-Brick-Press.png","type":"image\/png"}],"twitter_card":"summary_large_image","twitter_misc":{"Tahmini okuma s\u00fcresi":"2 dakika"},"schema":{"@context":"https:\/\/schema.org","@graph":[{"@type":"WebPage","@id":"https:\/\/temsanair.com\/tr\/\u00fcr\u00fcn\/toz-briket-presi\/","url":"https:\/\/temsanair.com\/tr\/\u00fcr\u00fcn\/toz-briket-presi\/","name":"Toz Briketleme Makinesi | Tekstil Tozu S\u0131k\u0131\u015ft\u0131rma ve Geri D\u00f6n\u00fc\u015f\u00fcm","isPartOf":{"@id":"https:\/\/temsanair.com\/tr\/#website"},"primaryImageOfPage":{"@id":"https:\/\/temsanair.com\/tr\/\u00fcr\u00fcn\/toz-briket-presi\/#primaryimage"},"image":{"@id":"https:\/\/temsanair.com\/tr\/\u00fcr\u00fcn\/toz-briket-presi\/#primaryimage"},"thumbnailUrl":"https:\/\/temsanair.com\/wp-content\/uploads\/2025\/05\/Dust-Brick-Press.png","datePublished":"2025-05-05T21:14:32+00:00","description":"Temsan Toz Briketleme Makineleri, toplanan tekstil tozunu kompakt briketlere s\u0131k\u0131\u015ft\u0131rarak hacmi, i\u015f\u00e7ilik ihtiyac\u0131n\u0131 ve elle\u00e7leme maliyetlerini azalt\u0131r; ayn\u0131 zamanda s\u00fcrd\u00fcr\u00fclebilirli\u011fi ve tesis temizli\u011fini art\u0131r\u0131r.","breadcrumb":{"@id":"https:\/\/temsanair.com\/tr\/\u00fcr\u00fcn\/toz-briket-presi\/#breadcrumb"},"inLanguage":"tr","potentialAction":[{"@type":"ReadAction","target":["https:\/\/temsanair.com\/tr\/\u00fcr\u00fcn\/toz-briket-presi\/"]}]},{"@type":"ImageObject","inLanguage":"tr","@id":"https:\/\/temsanair.com\/tr\/\u00fcr\u00fcn\/toz-briket-presi\/#primaryimage","url":"https:\/\/temsanair.com\/wp-content\/uploads\/2025\/05\/Dust-Brick-Press.png","contentUrl":"https:\/\/temsanair.com\/wp-content\/uploads\/2025\/05\/Dust-Brick-Press.png","width":800,"height":800},{"@type":"BreadcrumbList","@id":"https:\/\/temsanair.com\/tr\/\u00fcr\u00fcn\/toz-briket-presi\/#breadcrumb","itemListElement":[{"@type":"ListItem","position":1,"name":"Home","item":"https:\/\/temsanair.com\/tr\/ana-sayfa\/"},{"@type":"ListItem","position":2,"name":"\u00dcr\u00fcnler","item":"https:\/\/temsanair.com\/tr\/magaza\/"},{"@type":"ListItem","position":3,"name":"Toz Briket Presi"}]},{"@type":"WebSite","@id":"https:\/\/temsanair.com\/tr\/#website","url":"https:\/\/temsanair.com\/tr\/","name":"Temsan Air","description":"Textile Machinery Manufacturer","publisher":{"@id":"https:\/\/temsanair.com\/tr\/#organization"},"potentialAction":[{"@type":"SearchAction","target":{"@type":"EntryPoint","urlTemplate":"https:\/\/temsanair.com\/tr\/?s={search_term_string}"},"query-input":{"@type":"PropertyValueSpecification","valueRequired":true,"valueName":"search_term_string"}}],"inLanguage":"tr"},{"@type":"Organization","@id":"https:\/\/temsanair.com\/tr\/#organization","name":"Temsan Air Engineering","alternateName":"Temsan","url":"https:\/\/temsanair.com\/tr\/","logo":{"@type":"ImageObject","inLanguage":"tr","@id":"https:\/\/temsanair.com\/tr\/#\/schema\/logo\/image\/","url":"https:\/\/temsanair.com\/wp-content\/uploads\/2025\/04\/t-logo.png","contentUrl":"https:\/\/temsanair.com\/wp-content\/uploads\/2025\/04\/t-logo.png","width":312,"height":81,"caption":"Temsan Air Engineering"},"image":{"@id":"https:\/\/temsanair.com\/tr\/#\/schema\/logo\/image\/"},"sameAs":["https:\/\/www.facebook.com\/temsanair","https:\/\/www.linkedin.com\/company\/temsanair"]}]}},"_links":{"self":[{"href":"https:\/\/temsanair.com\/tr\/wp-json\/wp\/v2\/product\/1576","targetHints":{"allow":["GET"]}}],"collection":[{"href":"https:\/\/temsanair.com\/tr\/wp-json\/wp\/v2\/product"}],"about":[{"href":"https:\/\/temsanair.com\/tr\/wp-json\/wp\/v2\/types\/product"}],"wp:featuredmedia":[{"embeddable":true,"href":"https:\/\/temsanair.com\/tr\/wp-json\/wp\/v2\/media\/1249"}],"wp:attachment":[{"href":"https:\/\/temsanair.com\/tr\/wp-json\/wp\/v2\/media?parent=1576"}],"wp:term":[{"taxonomy":"product_brand","embeddable":true,"href":"https:\/\/temsanair.com\/tr\/wp-json\/wp\/v2\/product_brand?post=1576"},{"taxonomy":"product_cat","embeddable":true,"href":"https:\/\/temsanair.com\/tr\/wp-json\/wp\/v2\/product_cat?post=1576"},{"taxonomy":"product_tag","embeddable":true,"href":"https:\/\/temsanair.com\/tr\/wp-json\/wp\/v2\/product_tag?post=1576"}],"curies":[{"name":"wp","href":"https:\/\/api.w.org\/{rel}","templated":true}]}}