{"id":1580,"date":"2025-05-06T00:42:59","date_gmt":"2025-05-05T21:42:59","guid":{"rendered":"https:\/\/temsanair.com\/product\/havuz-filtresi\/"},"modified":"2025-11-20T14:24:45","modified_gmt":"2025-11-20T11:24:45","slug":"havuz-filtresi","status":"publish","type":"product","link":"https:\/\/temsanair.com\/tr\/\u00fcr\u00fcn\/havuz-filtresi\/","title":{"rendered":"Havuz Filtresi"},"content":{"rendered":"\r\n<ul class=\"wp-block-list\">&#13;\n<li>\n\n<p data-start=\"803\" data-end=\"1170\">Temsan D\u00f6ner Su Filtreleri, tekstil iklimlendirme sistemlerinin hava y\u0131kay\u0131c\u0131 (washer) havuzlar\u0131nda kullan\u0131lan suyu ar\u0131tmak ve s\u00fcrekli temizlemek \u00fczere tasarlanm\u0131\u015ft\u0131r.<br data-start=\"944\" data-end=\"947\"\/>Suyun i\u00e7inde bulunan ask\u0131da partik\u00fclleri, tozu ve lif kal\u0131nt\u0131lar\u0131n\u0131 devreden uzakla\u015ft\u0131rarak sistemin stabil \u00e7al\u0131\u015fmas\u0131n\u0131 sa\u011flar, bak\u0131m ihtiyac\u0131n\u0131 azalt\u0131r ve \u00f6zellikle sprey nozullar\u0131 ile su hatlar\u0131 gibi kritik bile\u015fenleri korur.<\/p>\n\n<p data-start=\"1172\" data-end=\"1516\">Y\u00fcksek kaliteli <strong data-start=\"1196\" data-end=\"1224\">paslanmaz \u00e7elikten (SS 316)<\/strong> \u00fcretilen Temsan D\u00f6ner Su Filtresi, s\u00fcrekli end\u00fcstriyel kullan\u0131mda bile \u00fcst\u00fcn korozyon direnci ve uzun servis \u00f6mr\u00fc sunar.<br\/>Sa\u011flam ve hassas \u00e7al\u0131\u015fan d\u00f6ner mekanizmas\u0131, filtrasyonun kesintisiz devam etmesini sa\u011flayarak t\u00fcm iklimlendirme s\u00fcrecinin temizli\u011fini ve verimlili\u011fini korumaya yard\u0131mc\u0131 olur. <\/p>\n\n<hr data-start=\"1518\" data-end=\"1521\"\/>\n\n<h4 data-start=\"1523\" data-end=\"1546\">\u2699\ufe0f <strong data-start=\"1530\" data-end=\"1546\">Temel \u00d6zellikler<\/strong><\/h4>\n\n<ul data-start=\"1548\" data-end=\"2046\">\n\n<li data-start=\"1548\" data-end=\"1656\">\n\n<p data-start=\"1550\" data-end=\"1656\"><strong data-start=\"1550\" data-end=\"1581\">Verimli Su Filtrasyonu:<\/strong> Y\u0131kay\u0131c\u0131 havuzundaki suyu s\u00fcrekli temizleyerek kirlilik ve birikmeleri \u00f6nler.<\/p>\n\n<\/li>\n\n<li data-start=\"1657\" data-end=\"1760\">\n\n<p data-start=\"1659\" data-end=\"1760\"><strong data-start=\"1659\" data-end=\"1682\">Uzun S\u00fcreli \u00c7al\u0131\u015fma:<\/strong> Bak\u0131m s\u0131kl\u0131\u011f\u0131n\u0131 azalt\u0131r ve su devresi bile\u015fenlerinin \u00f6mr\u00fcn\u00fc uzat\u0131r.<\/p>\n\n<\/li>\n\n<li data-start=\"1761\" data-end=\"1866\">\n\n<p data-start=\"1763\" data-end=\"1866\"><strong data-start=\"1763\" data-end=\"1788\">Dayan\u0131kl\u0131 Konstr\u00fcksiyon: <\/strong>Y\u00fcksek korozyon direnci ve uzun \u00f6m\u00fcr i\u00e7in SS 316 paslanmaz \u00e7elikten \u00fcretilmi\u015ftir.<\/p>\n\n<\/li>\n\n<li data-start=\"1867\" data-end=\"1949\">\n\n<p data-start=\"1869\" data-end=\"1949\"><strong data-start=\"1869\" data-end=\"1891\">Sistem Korumas\u0131:<\/strong> Sprey nozullar\u0131n\u0131n ve su hatlar\u0131n\u0131n t\u0131kanmas\u0131n\u0131 \u00f6nler.<\/p>\n\n<\/li>\n\n<li data-start=\"1950\" data-end=\"2046\">\n\n<p data-start=\"1952\" data-end=\"2046\">Tutarl\u0131 Performans: Hava y\u0131kay\u0131c\u0131n\u0131n stabil \u00e7al\u0131\u015fmas\u0131 i\u00e7in optimum su kalitesini korur.<\/p>\n\n<\/li>\n\n<\/ul>\n\n<hr data-start=\"2048\" data-end=\"2051\"\/>\n\n<h4 data-start=\"2053\" data-end=\"2076\">\ud83c\udf0d <strong data-start=\"2060\" data-end=\"2076\">Uygulama Alanlar\u0131<\/strong><\/h4>\n\n<p data-start=\"2077\" data-end=\"2248\">Temiz ve filtrelenmi\u015f suyun performans ve s\u00fcrd\u00fcr\u00fclebilirlik i\u00e7in kritik oldu\u011fu tekstil<strong data-start=\"2102\" data-end=\"2117\"> hava y\u0131kay\u0131c\u0131lar\u0131<\/strong>, <strong data-start=\"2119\" data-end=\"2145\">nemlendirme sistemleri <\/strong>ve <strong data-start=\"2151\" data-end=\"2171\">filtrasyon<\/strong> devrelerinde kullan\u0131m i\u00e7in idealdir.<\/p>\n\n<\/li>&#13;\n<\/ul>\r\n","protected":false},"excerpt":{"rendered":"<p>Temsan D\u00f6ner Su Filtreleri, y\u0131kama havuzlar\u0131ndaki suyu ar\u0131tmak, kirlili\u011fi azaltmak ve iklimlendirme sistemlerinin verimli ve uzun \u00f6m\u00fcrl\u00fc \u00e7al\u0131\u015fmas\u0131n\u0131 desteklemek \u00fczere tasarlanm\u0131\u015ft\u0131r.<\/p>\n","protected":false},"featured_media":1267,"template":"","meta":{"_acf_changed":false},"product_brand":[65],"product_cat":[143,144,148],"product_tag":[178,176,177],"class_list":{"0":"post-1580","1":"product","2":"type-product","3":"status-publish","4":"has-post-thumbnail","6":"product_brand-temsan","7":"product_cat-a-c","8":"product_cat-aksesuarlar","9":"product_cat-filtrasyon","10":"product_tag-doner","11":"product_tag-filtre","12":"product_tag-su","14":"first","15":"instock","16":"shipping-taxable","17":"product-type-simple"},"acf":[],"yoast_head":"<!-- This site is optimized with the Yoast SEO plugin v27.3 - https:\/\/yoast.com\/product\/yoast-seo-wordpress\/ -->\n<title>D\u00f6ner Su Filtresi | Y\u0131kay\u0131c\u0131 Havuzu Filtrasyon Sistemi<\/title>\n<meta name=\"description\" content=\"Y\u0131kay\u0131c\u0131 havuzlar\u0131 i\u00e7in paslanmaz \u00e7elik d\u00f6ner su filtresi; temiz su, uzun ekipman \u00f6mr\u00fc ve tekstil hava sistemlerinde verimli \u00e7al\u0131\u015fma sa\u011flar.\" \/>\n<meta name=\"robots\" content=\"index, follow, max-snippet:-1, max-image-preview:large, max-video-preview:-1\" \/>\n<link rel=\"canonical\" href=\"https:\/\/temsanair.com\/tr\/\u00fcr\u00fcn\/havuz-filtresi\/\" \/>\n<meta property=\"og:locale\" content=\"tr_TR\" \/>\n<meta property=\"og:type\" content=\"article\" \/>\n<meta property=\"og:title\" content=\"D\u00f6ner Su Filtresi | Y\u0131kay\u0131c\u0131 Havuzu Filtrasyon Sistemi\" \/>\n<meta property=\"og:description\" content=\"Y\u0131kay\u0131c\u0131 havuzlar\u0131 i\u00e7in paslanmaz \u00e7elik d\u00f6ner su filtresi; temiz su, uzun ekipman \u00f6mr\u00fc ve tekstil hava sistemlerinde verimli \u00e7al\u0131\u015fma sa\u011flar.\" \/>\n<meta property=\"og:url\" content=\"https:\/\/temsanair.com\/tr\/\u00fcr\u00fcn\/havuz-filtresi\/\" \/>\n<meta property=\"og:site_name\" content=\"Temsan\" \/>\n<meta property=\"article:publisher\" content=\"https:\/\/www.facebook.com\/temsanair\" \/>\n<meta property=\"article:modified_time\" content=\"2025-11-20T11:24:45+00:00\" \/>\n<meta property=\"og:image\" content=\"https:\/\/temsanair.com\/wp-content\/uploads\/2025\/05\/Water-Filter.png\" \/>\n\t<meta property=\"og:image:width\" content=\"800\" \/>\n\t<meta property=\"og:image:height\" content=\"800\" \/>\n\t<meta property=\"og:image:type\" content=\"image\/png\" \/>\n<meta name=\"twitter:card\" content=\"summary_large_image\" \/>\n<meta name=\"twitter:label1\" content=\"Tahmini okuma s\u00fcresi\" \/>\n\t<meta name=\"twitter:data1\" content=\"1 dakika\" \/>\n<script type=\"application\/ld+json\" class=\"yoast-schema-graph\">{\"@context\":\"https:\\\/\\\/schema.org\",\"@graph\":[{\"@type\":\"WebPage\",\"@id\":\"https:\\\/\\\/temsanair.com\\\/tr\\\/\u00fcr\u00fcn\\\/havuz-filtresi\\\/\",\"url\":\"https:\\\/\\\/temsanair.com\\\/tr\\\/\u00fcr\u00fcn\\\/havuz-filtresi\\\/\",\"name\":\"D\u00f6ner Su Filtresi | Y\u0131kay\u0131c\u0131 Havuzu Filtrasyon Sistemi\",\"isPartOf\":{\"@id\":\"https:\\\/\\\/temsanair.com\\\/tr\\\/#website\"},\"primaryImageOfPage\":{\"@id\":\"https:\\\/\\\/temsanair.com\\\/tr\\\/\u00fcr\u00fcn\\\/havuz-filtresi\\\/#primaryimage\"},\"image\":{\"@id\":\"https:\\\/\\\/temsanair.com\\\/tr\\\/\u00fcr\u00fcn\\\/havuz-filtresi\\\/#primaryimage\"},\"thumbnailUrl\":\"https:\\\/\\\/temsanair.com\\\/wp-content\\\/uploads\\\/2025\\\/05\\\/Water-Filter.png\",\"datePublished\":\"2025-05-05T21:42:59+00:00\",\"dateModified\":\"2025-11-20T11:24:45+00:00\",\"description\":\"Y\u0131kay\u0131c\u0131 havuzlar\u0131 i\u00e7in paslanmaz \u00e7elik d\u00f6ner su filtresi; temiz su, uzun ekipman \u00f6mr\u00fc ve tekstil hava sistemlerinde verimli \u00e7al\u0131\u015fma sa\u011flar.\",\"breadcrumb\":{\"@id\":\"https:\\\/\\\/temsanair.com\\\/tr\\\/\u00fcr\u00fcn\\\/havuz-filtresi\\\/#breadcrumb\"},\"inLanguage\":\"tr\",\"potentialAction\":[{\"@type\":\"ReadAction\",\"target\":[\"https:\\\/\\\/temsanair.com\\\/tr\\\/\u00fcr\u00fcn\\\/havuz-filtresi\\\/\"]}]},{\"@type\":\"ImageObject\",\"inLanguage\":\"tr\",\"@id\":\"https:\\\/\\\/temsanair.com\\\/tr\\\/\u00fcr\u00fcn\\\/havuz-filtresi\\\/#primaryimage\",\"url\":\"https:\\\/\\\/temsanair.com\\\/wp-content\\\/uploads\\\/2025\\\/05\\\/Water-Filter.png\",\"contentUrl\":\"https:\\\/\\\/temsanair.com\\\/wp-content\\\/uploads\\\/2025\\\/05\\\/Water-Filter.png\",\"width\":800,\"height\":800},{\"@type\":\"BreadcrumbList\",\"@id\":\"https:\\\/\\\/temsanair.com\\\/tr\\\/\u00fcr\u00fcn\\\/havuz-filtresi\\\/#breadcrumb\",\"itemListElement\":[{\"@type\":\"ListItem\",\"position\":1,\"name\":\"Home\",\"item\":\"https:\\\/\\\/temsanair.com\\\/tr\\\/ana-sayfa\\\/\"},{\"@type\":\"ListItem\",\"position\":2,\"name\":\"\u00dcr\u00fcnler\",\"item\":\"https:\\\/\\\/temsanair.com\\\/tr\\\/magaza\\\/\"},{\"@type\":\"ListItem\",\"position\":3,\"name\":\"Havuz Filtresi\"}]},{\"@type\":\"WebSite\",\"@id\":\"https:\\\/\\\/temsanair.com\\\/tr\\\/#website\",\"url\":\"https:\\\/\\\/temsanair.com\\\/tr\\\/\",\"name\":\"Temsan Air\",\"description\":\"Textile Machinery Manufacturer\",\"publisher\":{\"@id\":\"https:\\\/\\\/temsanair.com\\\/tr\\\/#organization\"},\"potentialAction\":[{\"@type\":\"SearchAction\",\"target\":{\"@type\":\"EntryPoint\",\"urlTemplate\":\"https:\\\/\\\/temsanair.com\\\/tr\\\/?s={search_term_string}\"},\"query-input\":{\"@type\":\"PropertyValueSpecification\",\"valueRequired\":true,\"valueName\":\"search_term_string\"}}],\"inLanguage\":\"tr\"},{\"@type\":\"Organization\",\"@id\":\"https:\\\/\\\/temsanair.com\\\/tr\\\/#organization\",\"name\":\"Temsan Air Engineering\",\"alternateName\":\"Temsan\",\"url\":\"https:\\\/\\\/temsanair.com\\\/tr\\\/\",\"logo\":{\"@type\":\"ImageObject\",\"inLanguage\":\"tr\",\"@id\":\"https:\\\/\\\/temsanair.com\\\/tr\\\/#\\\/schema\\\/logo\\\/image\\\/\",\"url\":\"https:\\\/\\\/temsanair.com\\\/wp-content\\\/uploads\\\/2025\\\/04\\\/t-logo.png\",\"contentUrl\":\"https:\\\/\\\/temsanair.com\\\/wp-content\\\/uploads\\\/2025\\\/04\\\/t-logo.png\",\"width\":312,\"height\":81,\"caption\":\"Temsan Air Engineering\"},\"image\":{\"@id\":\"https:\\\/\\\/temsanair.com\\\/tr\\\/#\\\/schema\\\/logo\\\/image\\\/\"},\"sameAs\":[\"https:\\\/\\\/www.facebook.com\\\/temsanair\",\"https:\\\/\\\/www.linkedin.com\\\/company\\\/temsanair\"]}]}<\/script>\n<!-- \/ Yoast SEO plugin. -->","yoast_head_json":{"title":"D\u00f6ner Su Filtresi | Y\u0131kay\u0131c\u0131 Havuzu Filtrasyon Sistemi","description":"Y\u0131kay\u0131c\u0131 havuzlar\u0131 i\u00e7in paslanmaz \u00e7elik d\u00f6ner su filtresi; temiz su, uzun ekipman \u00f6mr\u00fc ve tekstil hava sistemlerinde verimli \u00e7al\u0131\u015fma sa\u011flar.","robots":{"index":"index","follow":"follow","max-snippet":"max-snippet:-1","max-image-preview":"max-image-preview:large","max-video-preview":"max-video-preview:-1"},"canonical":"https:\/\/temsanair.com\/tr\/\u00fcr\u00fcn\/havuz-filtresi\/","og_locale":"tr_TR","og_type":"article","og_title":"D\u00f6ner Su Filtresi | Y\u0131kay\u0131c\u0131 Havuzu Filtrasyon Sistemi","og_description":"Y\u0131kay\u0131c\u0131 havuzlar\u0131 i\u00e7in paslanmaz \u00e7elik d\u00f6ner su filtresi; temiz su, uzun ekipman \u00f6mr\u00fc ve tekstil hava sistemlerinde verimli \u00e7al\u0131\u015fma sa\u011flar.","og_url":"https:\/\/temsanair.com\/tr\/\u00fcr\u00fcn\/havuz-filtresi\/","og_site_name":"Temsan","article_publisher":"https:\/\/www.facebook.com\/temsanair","article_modified_time":"2025-11-20T11:24:45+00:00","og_image":[{"width":800,"height":800,"url":"https:\/\/temsanair.com\/wp-content\/uploads\/2025\/05\/Water-Filter.png","type":"image\/png"}],"twitter_card":"summary_large_image","twitter_misc":{"Tahmini okuma s\u00fcresi":"1 dakika"},"schema":{"@context":"https:\/\/schema.org","@graph":[{"@type":"WebPage","@id":"https:\/\/temsanair.com\/tr\/\u00fcr\u00fcn\/havuz-filtresi\/","url":"https:\/\/temsanair.com\/tr\/\u00fcr\u00fcn\/havuz-filtresi\/","name":"D\u00f6ner Su Filtresi | Y\u0131kay\u0131c\u0131 Havuzu Filtrasyon Sistemi","isPartOf":{"@id":"https:\/\/temsanair.com\/tr\/#website"},"primaryImageOfPage":{"@id":"https:\/\/temsanair.com\/tr\/\u00fcr\u00fcn\/havuz-filtresi\/#primaryimage"},"image":{"@id":"https:\/\/temsanair.com\/tr\/\u00fcr\u00fcn\/havuz-filtresi\/#primaryimage"},"thumbnailUrl":"https:\/\/temsanair.com\/wp-content\/uploads\/2025\/05\/Water-Filter.png","datePublished":"2025-05-05T21:42:59+00:00","dateModified":"2025-11-20T11:24:45+00:00","description":"Y\u0131kay\u0131c\u0131 havuzlar\u0131 i\u00e7in paslanmaz \u00e7elik d\u00f6ner su filtresi; temiz su, uzun ekipman \u00f6mr\u00fc ve tekstil hava sistemlerinde verimli \u00e7al\u0131\u015fma sa\u011flar.","breadcrumb":{"@id":"https:\/\/temsanair.com\/tr\/\u00fcr\u00fcn\/havuz-filtresi\/#breadcrumb"},"inLanguage":"tr","potentialAction":[{"@type":"ReadAction","target":["https:\/\/temsanair.com\/tr\/\u00fcr\u00fcn\/havuz-filtresi\/"]}]},{"@type":"ImageObject","inLanguage":"tr","@id":"https:\/\/temsanair.com\/tr\/\u00fcr\u00fcn\/havuz-filtresi\/#primaryimage","url":"https:\/\/temsanair.com\/wp-content\/uploads\/2025\/05\/Water-Filter.png","contentUrl":"https:\/\/temsanair.com\/wp-content\/uploads\/2025\/05\/Water-Filter.png","width":800,"height":800},{"@type":"BreadcrumbList","@id":"https:\/\/temsanair.com\/tr\/\u00fcr\u00fcn\/havuz-filtresi\/#breadcrumb","itemListElement":[{"@type":"ListItem","position":1,"name":"Home","item":"https:\/\/temsanair.com\/tr\/ana-sayfa\/"},{"@type":"ListItem","position":2,"name":"\u00dcr\u00fcnler","item":"https:\/\/temsanair.com\/tr\/magaza\/"},{"@type":"ListItem","position":3,"name":"Havuz Filtresi"}]},{"@type":"WebSite","@id":"https:\/\/temsanair.com\/tr\/#website","url":"https:\/\/temsanair.com\/tr\/","name":"Temsan Air","description":"Textile Machinery Manufacturer","publisher":{"@id":"https:\/\/temsanair.com\/tr\/#organization"},"potentialAction":[{"@type":"SearchAction","target":{"@type":"EntryPoint","urlTemplate":"https:\/\/temsanair.com\/tr\/?s={search_term_string}"},"query-input":{"@type":"PropertyValueSpecification","valueRequired":true,"valueName":"search_term_string"}}],"inLanguage":"tr"},{"@type":"Organization","@id":"https:\/\/temsanair.com\/tr\/#organization","name":"Temsan Air Engineering","alternateName":"Temsan","url":"https:\/\/temsanair.com\/tr\/","logo":{"@type":"ImageObject","inLanguage":"tr","@id":"https:\/\/temsanair.com\/tr\/#\/schema\/logo\/image\/","url":"https:\/\/temsanair.com\/wp-content\/uploads\/2025\/04\/t-logo.png","contentUrl":"https:\/\/temsanair.com\/wp-content\/uploads\/2025\/04\/t-logo.png","width":312,"height":81,"caption":"Temsan Air Engineering"},"image":{"@id":"https:\/\/temsanair.com\/tr\/#\/schema\/logo\/image\/"},"sameAs":["https:\/\/www.facebook.com\/temsanair","https:\/\/www.linkedin.com\/company\/temsanair"]}]}},"_links":{"self":[{"href":"https:\/\/temsanair.com\/tr\/wp-json\/wp\/v2\/product\/1580","targetHints":{"allow":["GET"]}}],"collection":[{"href":"https:\/\/temsanair.com\/tr\/wp-json\/wp\/v2\/product"}],"about":[{"href":"https:\/\/temsanair.com\/tr\/wp-json\/wp\/v2\/types\/product"}],"wp:featuredmedia":[{"embeddable":true,"href":"https:\/\/temsanair.com\/tr\/wp-json\/wp\/v2\/media\/1267"}],"wp:attachment":[{"href":"https:\/\/temsanair.com\/tr\/wp-json\/wp\/v2\/media?parent=1580"}],"wp:term":[{"taxonomy":"product_brand","embeddable":true,"href":"https:\/\/temsanair.com\/tr\/wp-json\/wp\/v2\/product_brand?post=1580"},{"taxonomy":"product_cat","embeddable":true,"href":"https:\/\/temsanair.com\/tr\/wp-json\/wp\/v2\/product_cat?post=1580"},{"taxonomy":"product_tag","embeddable":true,"href":"https:\/\/temsanair.com\/tr\/wp-json\/wp\/v2\/product_tag?post=1580"}],"curies":[{"name":"wp","href":"https:\/\/api.w.org\/{rel}","templated":true}]}}