{"id":1675,"date":"2025-05-06T00:49:01","date_gmt":"2025-05-05T21:49:01","guid":{"rendered":"https:\/\/temsanair.com\/product\/fitil-acici\/"},"modified":"2025-05-06T00:49:01","modified_gmt":"2025-05-05T21:49:01","slug":"fitil-acici","status":"publish","type":"product","link":"https:\/\/temsanair.com\/tr\/\u00fcr\u00fcn\/fitil-acici\/","title":{"rendered":"Fitil A\u00e7\u0131c\u0131"},"content":{"rendered":"<p data-start=\"254\" data-end=\"604\"><strong data-start=\"258\" data-end=\"282\">Temsan Fitil A\u00e7\u0131c\u0131<\/strong>, fitil at\u0131\u011f\u0131n\u0131 verimli bir \u015fekilde a\u00e7mak ve geri kazanmak, yeniden i\u015fleme i\u00e7in tekrar kullan\u0131labilir elyaf formuna d\u00f6n\u00fc\u015ft\u00fcrmek \u00fczere tasarlanm\u0131\u015ft\u0131r. S\u00fcrekli \u00e7al\u0131\u015fma i\u00e7in tasarlanan bu makine, minimum enerji t\u00fcketimi ve bak\u0131m ihtiyac\u0131 ile tutarl\u0131 elyaf a\u00e7ma sa\u011flayarak tekstil \u00fcretiminde hem s\u00fcrd\u00fcr\u00fclebilirli\u011fi hem de maliyet verimlili\u011fini destekler. <\/p>\n<p data-start=\"606\" data-end=\"625\"><strong data-start=\"606\" data-end=\"623\">Temel \u00d6zellikler:<\/strong><\/p>\n<ul data-start=\"626\" data-end=\"1593\">\n<li data-start=\"626\" data-end=\"785\">\n<p data-start=\"628\" data-end=\"785\"><strong data-start=\"628\" data-end=\"663\">Verimli Fitil At\u0131\u011f\u0131 A\u00e7ma:<\/strong> S\u0131k\u0131\u015ft\u0131r\u0131lm\u0131\u015f fitil at\u0131\u011f\u0131n\u0131 tek tek elyaflara ay\u0131r\u0131r ve a\u00e7ar, b\u00f6ylece harman halla\u00e7 hatt\u0131nda yeniden kullan\u0131ma uygun hale getirir.<\/p>\n<\/li>\n<li data-start=\"786\" data-end=\"937\">\n<p data-start=\"788\" data-end=\"937\"><strong data-start=\"788\" data-end=\"817\">Y\u00fcksek \u00dcretim Kapasitesi:<\/strong> Ring ve bobin makinelerinden gelen y\u00fcksek hacimli fitil at\u0131\u011f\u0131n\u0131 istikrarl\u0131 ve s\u00fcrekli performansla i\u015fleyebilir.<\/p>\n<\/li>\n<li data-start=\"938\" data-end=\"1065\">\n<p data-start=\"940\" data-end=\"1065\"><strong data-start=\"940\" data-end=\"967\">Nazik Elyaf \u0130\u015fleme:<\/strong> \u00d6zel olarak tasarlanm\u0131\u015f a\u00e7\u0131c\u0131 silindirler, a\u00e7ma i\u015flemi s\u0131ras\u0131nda elyaf uzunlu\u011funu ve kalitesini korur.<\/p>\n<\/li>\n<li data-start=\"1066\" data-end=\"1192\">\n<p data-start=\"1068\" data-end=\"1192\"><strong data-start=\"1068\" data-end=\"1093\">Dayan\u0131kl\u0131 Yap\u0131:<\/strong> Zorlu fabrika ko\u015fullar\u0131nda g\u00fcvenilir, uzun \u00f6m\u00fcrl\u00fc \u00e7al\u0131\u015fma i\u00e7in a\u011f\u0131r hizmet tipi bile\u015fenlerle \u00fcretilmi\u015ftir.<\/p>\n<\/li>\n<li data-start=\"1193\" data-end=\"1332\">\n<p data-start=\"1195\" data-end=\"1332\"><strong data-start=\"1195\" data-end=\"1232\">D\u00fc\u015f\u00fck Bak\u0131m &amp; Kolay Kullan\u0131m:<\/strong> Kolay eri\u015filebilir par\u00e7alara sahip basit mekanik tasar\u0131m, servis s\u00fcresini ve i\u015fletme maliyetlerini azalt\u0131r.<\/p>\n<\/li>\n<li data-start=\"1333\" data-end=\"1441\">\n<p data-start=\"1335\" data-end=\"1441\"><strong data-start=\"1335\" data-end=\"1369\">Enerji Verimli Tahrik Sistemi:<\/strong> Performanstan \u00f6d\u00fcn vermeden d\u00fc\u015f\u00fck g\u00fc\u00e7 t\u00fcketimi i\u00e7in optimize edilmi\u015ftir.<\/p>\n<\/li>\n<li data-start=\"1442\" data-end=\"1593\">\n<p data-start=\"1444\" data-end=\"1593\"><strong data-start=\"1444\" data-end=\"1466\">Entegrasyona Haz\u0131r:<\/strong> <strong data-start=\"1492\" data-end=\"1542\">Temsan At\u0131k Toplama ve Filtrasyon Sistemleri<\/strong> ile sorunsuz bir \u015fekilde ba\u011flanarak eksiksiz ve otomatik at\u0131k i\u015fleme sa\u011flar.<\/p>\n<\/li>\n<\/ul>\n<p data-start=\"1595\" data-end=\"1829\"><strong data-start=\"1595\" data-end=\"1612\">Uygulama Alanlar\u0131:<\/strong><br data-start=\"1612\" data-end=\"1615\">Fitil at\u0131\u011f\u0131n\u0131n olu\u015ftu\u011fu <strong data-start=\"1625\" data-end=\"1658\">iplik ve bobin sar\u0131m b\u00f6l\u00fcmleri<\/strong> i\u00e7in idealdir. Temsan Fitil A\u00e7\u0131c\u0131, i\u015fletmelerin hammadde kayb\u0131n\u0131 azaltmas\u0131na, geri d\u00f6n\u00fc\u015f\u00fcm verimlili\u011fini art\u0131rmas\u0131na ve s\u00fcrd\u00fcr\u00fclebilir \u00fcretim hedeflerini desteklemesine yard\u0131mc\u0131 olur. <\/p>\n","protected":false},"excerpt":{"rendered":"<p>Temsan Fitil A\u00e7\u0131c\u0131, fitil at\u0131\u011f\u0131n\u0131 verimli bir \u015fekilde a\u00e7mak ve geri kazanmak, yeniden i\u015fleme i\u00e7in tekrar kullan\u0131labilir elyaf formuna d\u00f6n\u00fc\u015ft\u00fcrmek \u00fczere tasarlanm\u0131\u015ft\u0131r. S\u00fcrekli \u00e7al\u0131\u015fma i\u00e7in tasarlanan<span class=\"excerpt-hellip\"> [\u2026]<\/span><\/p>\n","protected":false},"featured_media":1271,"template":"","meta":{"_acf_changed":false},"product_brand":[],"product_cat":[144,184,163],"product_tag":[197,175,164,190,203],"class_list":{"0":"post-1675","1":"product","2":"type-product","3":"status-publish","4":"has-post-thumbnail","6":"product_cat-aksesuarlar","7":"product_cat-makine","8":"product_cat-telef-toplama","9":"product_tag-fitil","10":"product_tag-manuel","11":"product_tag-telef","12":"product_tag-temiz","13":"product_tag-tup","15":"first","16":"instock","17":"featured","18":"shipping-taxable","19":"product-type-simple"},"acf":[],"yoast_head":"<!-- This site is optimized with the Yoast SEO plugin v27.5 - https:\/\/yoast.com\/product\/yoast-seo-wordpress\/ -->\n<title>Fitil A\u00e7\u0131c\u0131 | Tekstil At\u0131\u011f\u0131 Geri D\u00f6n\u00fc\u015f\u00fcm Makinesi | Temsan Air<\/title>\n<meta name=\"description\" content=\"Temsan Fitil A\u00e7\u0131c\u0131, s\u0131k\u0131\u015ft\u0131r\u0131lm\u0131\u015f fitil veya elyaf at\u0131\u011f\u0131n\u0131 verimli bir \u015fekilde a\u00e7ar ve temizler, yeniden kullan\u0131labilir elyaflar\u0131 geri kazanarak tekstil \u00fcretiminde malzeme kayb\u0131n\u0131 azalt\u0131r.\" \/>\n<meta name=\"robots\" content=\"index, follow, max-snippet:-1, max-image-preview:large, max-video-preview:-1\" \/>\n<link rel=\"canonical\" href=\"https:\/\/temsanair.com\/tr\/\u00fcr\u00fcn\/fitil-acici\/\" \/>\n<meta property=\"og:locale\" content=\"tr_TR\" \/>\n<meta property=\"og:type\" content=\"article\" \/>\n<meta property=\"og:title\" content=\"Fitil A\u00e7\u0131c\u0131 | Tekstil At\u0131\u011f\u0131 Geri D\u00f6n\u00fc\u015f\u00fcm Makinesi | Temsan Air\" \/>\n<meta property=\"og:description\" content=\"Temsan Fitil A\u00e7\u0131c\u0131, s\u0131k\u0131\u015ft\u0131r\u0131lm\u0131\u015f fitil veya elyaf at\u0131\u011f\u0131n\u0131 verimli bir \u015fekilde a\u00e7ar ve temizler, yeniden kullan\u0131labilir elyaflar\u0131 geri kazanarak tekstil \u00fcretiminde malzeme kayb\u0131n\u0131 azalt\u0131r.\" \/>\n<meta property=\"og:url\" content=\"https:\/\/temsanair.com\/tr\/\u00fcr\u00fcn\/fitil-acici\/\" \/>\n<meta property=\"og:site_name\" content=\"Temsan\" \/>\n<meta property=\"article:publisher\" content=\"https:\/\/www.facebook.com\/temsanair\" \/>\n<meta property=\"og:image\" content=\"https:\/\/temsanair.com\/wp-content\/uploads\/2025\/05\/Roving-Opener.png\" \/>\n\t<meta property=\"og:image:width\" content=\"800\" \/>\n\t<meta property=\"og:image:height\" content=\"800\" \/>\n\t<meta property=\"og:image:type\" content=\"image\/png\" \/>\n<meta name=\"twitter:card\" content=\"summary_large_image\" \/>\n<meta name=\"twitter:label1\" content=\"Tahmini okuma s\u00fcresi\" \/>\n\t<meta name=\"twitter:data1\" content=\"1 dakika\" \/>\n<script type=\"application\/ld+json\" class=\"yoast-schema-graph\">{\"@context\":\"https:\\\/\\\/schema.org\",\"@graph\":[{\"@type\":\"WebPage\",\"@id\":\"https:\\\/\\\/temsanair.com\\\/tr\\\/\u00fcr\u00fcn\\\/fitil-acici\\\/\",\"url\":\"https:\\\/\\\/temsanair.com\\\/tr\\\/\u00fcr\u00fcn\\\/fitil-acici\\\/\",\"name\":\"Fitil A\u00e7\u0131c\u0131 | Tekstil At\u0131\u011f\u0131 Geri D\u00f6n\u00fc\u015f\u00fcm Makinesi | Temsan Air\",\"isPartOf\":{\"@id\":\"https:\\\/\\\/temsanair.com\\\/tr\\\/#website\"},\"primaryImageOfPage\":{\"@id\":\"https:\\\/\\\/temsanair.com\\\/tr\\\/\u00fcr\u00fcn\\\/fitil-acici\\\/#primaryimage\"},\"image\":{\"@id\":\"https:\\\/\\\/temsanair.com\\\/tr\\\/\u00fcr\u00fcn\\\/fitil-acici\\\/#primaryimage\"},\"thumbnailUrl\":\"https:\\\/\\\/temsanair.com\\\/wp-content\\\/uploads\\\/2025\\\/05\\\/Roving-Opener.png\",\"datePublished\":\"2025-05-05T21:49:01+00:00\",\"description\":\"Temsan Fitil A\u00e7\u0131c\u0131, s\u0131k\u0131\u015ft\u0131r\u0131lm\u0131\u015f fitil veya elyaf at\u0131\u011f\u0131n\u0131 verimli bir \u015fekilde a\u00e7ar ve temizler, yeniden kullan\u0131labilir elyaflar\u0131 geri kazanarak tekstil \u00fcretiminde malzeme kayb\u0131n\u0131 azalt\u0131r.\",\"breadcrumb\":{\"@id\":\"https:\\\/\\\/temsanair.com\\\/tr\\\/\u00fcr\u00fcn\\\/fitil-acici\\\/#breadcrumb\"},\"inLanguage\":\"tr\",\"potentialAction\":[{\"@type\":\"ReadAction\",\"target\":[\"https:\\\/\\\/temsanair.com\\\/tr\\\/\u00fcr\u00fcn\\\/fitil-acici\\\/\"]}]},{\"@type\":\"ImageObject\",\"inLanguage\":\"tr\",\"@id\":\"https:\\\/\\\/temsanair.com\\\/tr\\\/\u00fcr\u00fcn\\\/fitil-acici\\\/#primaryimage\",\"url\":\"https:\\\/\\\/temsanair.com\\\/wp-content\\\/uploads\\\/2025\\\/05\\\/Roving-Opener.png\",\"contentUrl\":\"https:\\\/\\\/temsanair.com\\\/wp-content\\\/uploads\\\/2025\\\/05\\\/Roving-Opener.png\",\"width\":800,\"height\":800},{\"@type\":\"BreadcrumbList\",\"@id\":\"https:\\\/\\\/temsanair.com\\\/tr\\\/\u00fcr\u00fcn\\\/fitil-acici\\\/#breadcrumb\",\"itemListElement\":[{\"@type\":\"ListItem\",\"position\":1,\"name\":\"Home\",\"item\":\"https:\\\/\\\/temsanair.com\\\/tr\\\/ana-sayfa\\\/\"},{\"@type\":\"ListItem\",\"position\":2,\"name\":\"\u00dcr\u00fcnler\",\"item\":\"https:\\\/\\\/temsanair.com\\\/tr\\\/magaza\\\/\"},{\"@type\":\"ListItem\",\"position\":3,\"name\":\"Fitil A\u00e7\u0131c\u0131\"}]},{\"@type\":\"WebSite\",\"@id\":\"https:\\\/\\\/temsanair.com\\\/tr\\\/#website\",\"url\":\"https:\\\/\\\/temsanair.com\\\/tr\\\/\",\"name\":\"Temsan Air\",\"description\":\"Textile Machinery Manufacturer\",\"publisher\":{\"@id\":\"https:\\\/\\\/temsanair.com\\\/tr\\\/#organization\"},\"potentialAction\":[{\"@type\":\"SearchAction\",\"target\":{\"@type\":\"EntryPoint\",\"urlTemplate\":\"https:\\\/\\\/temsanair.com\\\/tr\\\/?s={search_term_string}\"},\"query-input\":{\"@type\":\"PropertyValueSpecification\",\"valueRequired\":true,\"valueName\":\"search_term_string\"}}],\"inLanguage\":\"tr\"},{\"@type\":\"Organization\",\"@id\":\"https:\\\/\\\/temsanair.com\\\/tr\\\/#organization\",\"name\":\"Temsan Air Engineering\",\"alternateName\":\"Temsan\",\"url\":\"https:\\\/\\\/temsanair.com\\\/tr\\\/\",\"logo\":{\"@type\":\"ImageObject\",\"inLanguage\":\"tr\",\"@id\":\"https:\\\/\\\/temsanair.com\\\/tr\\\/#\\\/schema\\\/logo\\\/image\\\/\",\"url\":\"https:\\\/\\\/temsanair.com\\\/wp-content\\\/uploads\\\/2025\\\/04\\\/t-logo.png\",\"contentUrl\":\"https:\\\/\\\/temsanair.com\\\/wp-content\\\/uploads\\\/2025\\\/04\\\/t-logo.png\",\"width\":312,\"height\":81,\"caption\":\"Temsan Air Engineering\"},\"image\":{\"@id\":\"https:\\\/\\\/temsanair.com\\\/tr\\\/#\\\/schema\\\/logo\\\/image\\\/\"},\"sameAs\":[\"https:\\\/\\\/www.facebook.com\\\/temsanair\",\"https:\\\/\\\/www.linkedin.com\\\/company\\\/temsanair\"]}]}<\/script>\n<!-- \/ Yoast SEO plugin. -->","yoast_head_json":{"title":"Fitil A\u00e7\u0131c\u0131 | Tekstil At\u0131\u011f\u0131 Geri D\u00f6n\u00fc\u015f\u00fcm Makinesi | Temsan Air","description":"Temsan Fitil A\u00e7\u0131c\u0131, s\u0131k\u0131\u015ft\u0131r\u0131lm\u0131\u015f fitil veya elyaf at\u0131\u011f\u0131n\u0131 verimli bir \u015fekilde a\u00e7ar ve temizler, yeniden kullan\u0131labilir elyaflar\u0131 geri kazanarak tekstil \u00fcretiminde malzeme kayb\u0131n\u0131 azalt\u0131r.","robots":{"index":"index","follow":"follow","max-snippet":"max-snippet:-1","max-image-preview":"max-image-preview:large","max-video-preview":"max-video-preview:-1"},"canonical":"https:\/\/temsanair.com\/tr\/\u00fcr\u00fcn\/fitil-acici\/","og_locale":"tr_TR","og_type":"article","og_title":"Fitil A\u00e7\u0131c\u0131 | Tekstil At\u0131\u011f\u0131 Geri D\u00f6n\u00fc\u015f\u00fcm Makinesi | Temsan Air","og_description":"Temsan Fitil A\u00e7\u0131c\u0131, s\u0131k\u0131\u015ft\u0131r\u0131lm\u0131\u015f fitil veya elyaf at\u0131\u011f\u0131n\u0131 verimli bir \u015fekilde a\u00e7ar ve temizler, yeniden kullan\u0131labilir elyaflar\u0131 geri kazanarak tekstil \u00fcretiminde malzeme kayb\u0131n\u0131 azalt\u0131r.","og_url":"https:\/\/temsanair.com\/tr\/\u00fcr\u00fcn\/fitil-acici\/","og_site_name":"Temsan","article_publisher":"https:\/\/www.facebook.com\/temsanair","og_image":[{"width":800,"height":800,"url":"https:\/\/temsanair.com\/wp-content\/uploads\/2025\/05\/Roving-Opener.png","type":"image\/png"}],"twitter_card":"summary_large_image","twitter_misc":{"Tahmini okuma s\u00fcresi":"1 dakika"},"schema":{"@context":"https:\/\/schema.org","@graph":[{"@type":"WebPage","@id":"https:\/\/temsanair.com\/tr\/\u00fcr\u00fcn\/fitil-acici\/","url":"https:\/\/temsanair.com\/tr\/\u00fcr\u00fcn\/fitil-acici\/","name":"Fitil A\u00e7\u0131c\u0131 | Tekstil At\u0131\u011f\u0131 Geri D\u00f6n\u00fc\u015f\u00fcm Makinesi | Temsan Air","isPartOf":{"@id":"https:\/\/temsanair.com\/tr\/#website"},"primaryImageOfPage":{"@id":"https:\/\/temsanair.com\/tr\/\u00fcr\u00fcn\/fitil-acici\/#primaryimage"},"image":{"@id":"https:\/\/temsanair.com\/tr\/\u00fcr\u00fcn\/fitil-acici\/#primaryimage"},"thumbnailUrl":"https:\/\/temsanair.com\/wp-content\/uploads\/2025\/05\/Roving-Opener.png","datePublished":"2025-05-05T21:49:01+00:00","description":"Temsan Fitil A\u00e7\u0131c\u0131, s\u0131k\u0131\u015ft\u0131r\u0131lm\u0131\u015f fitil veya elyaf at\u0131\u011f\u0131n\u0131 verimli bir \u015fekilde a\u00e7ar ve temizler, yeniden kullan\u0131labilir elyaflar\u0131 geri kazanarak tekstil \u00fcretiminde malzeme kayb\u0131n\u0131 azalt\u0131r.","breadcrumb":{"@id":"https:\/\/temsanair.com\/tr\/\u00fcr\u00fcn\/fitil-acici\/#breadcrumb"},"inLanguage":"tr","potentialAction":[{"@type":"ReadAction","target":["https:\/\/temsanair.com\/tr\/\u00fcr\u00fcn\/fitil-acici\/"]}]},{"@type":"ImageObject","inLanguage":"tr","@id":"https:\/\/temsanair.com\/tr\/\u00fcr\u00fcn\/fitil-acici\/#primaryimage","url":"https:\/\/temsanair.com\/wp-content\/uploads\/2025\/05\/Roving-Opener.png","contentUrl":"https:\/\/temsanair.com\/wp-content\/uploads\/2025\/05\/Roving-Opener.png","width":800,"height":800},{"@type":"BreadcrumbList","@id":"https:\/\/temsanair.com\/tr\/\u00fcr\u00fcn\/fitil-acici\/#breadcrumb","itemListElement":[{"@type":"ListItem","position":1,"name":"Home","item":"https:\/\/temsanair.com\/tr\/ana-sayfa\/"},{"@type":"ListItem","position":2,"name":"\u00dcr\u00fcnler","item":"https:\/\/temsanair.com\/tr\/magaza\/"},{"@type":"ListItem","position":3,"name":"Fitil A\u00e7\u0131c\u0131"}]},{"@type":"WebSite","@id":"https:\/\/temsanair.com\/tr\/#website","url":"https:\/\/temsanair.com\/tr\/","name":"Temsan Air","description":"Textile Machinery Manufacturer","publisher":{"@id":"https:\/\/temsanair.com\/tr\/#organization"},"potentialAction":[{"@type":"SearchAction","target":{"@type":"EntryPoint","urlTemplate":"https:\/\/temsanair.com\/tr\/?s={search_term_string}"},"query-input":{"@type":"PropertyValueSpecification","valueRequired":true,"valueName":"search_term_string"}}],"inLanguage":"tr"},{"@type":"Organization","@id":"https:\/\/temsanair.com\/tr\/#organization","name":"Temsan Air Engineering","alternateName":"Temsan","url":"https:\/\/temsanair.com\/tr\/","logo":{"@type":"ImageObject","inLanguage":"tr","@id":"https:\/\/temsanair.com\/tr\/#\/schema\/logo\/image\/","url":"https:\/\/temsanair.com\/wp-content\/uploads\/2025\/04\/t-logo.png","contentUrl":"https:\/\/temsanair.com\/wp-content\/uploads\/2025\/04\/t-logo.png","width":312,"height":81,"caption":"Temsan Air Engineering"},"image":{"@id":"https:\/\/temsanair.com\/tr\/#\/schema\/logo\/image\/"},"sameAs":["https:\/\/www.facebook.com\/temsanair","https:\/\/www.linkedin.com\/company\/temsanair"]}]}},"_links":{"self":[{"href":"https:\/\/temsanair.com\/tr\/wp-json\/wp\/v2\/product\/1675","targetHints":{"allow":["GET"]}}],"collection":[{"href":"https:\/\/temsanair.com\/tr\/wp-json\/wp\/v2\/product"}],"about":[{"href":"https:\/\/temsanair.com\/tr\/wp-json\/wp\/v2\/types\/product"}],"wp:featuredmedia":[{"embeddable":true,"href":"https:\/\/temsanair.com\/tr\/wp-json\/wp\/v2\/media\/1271"}],"wp:attachment":[{"href":"https:\/\/temsanair.com\/tr\/wp-json\/wp\/v2\/media?parent=1675"}],"wp:term":[{"taxonomy":"product_brand","embeddable":true,"href":"https:\/\/temsanair.com\/tr\/wp-json\/wp\/v2\/product_brand?post=1675"},{"taxonomy":"product_cat","embeddable":true,"href":"https:\/\/temsanair.com\/tr\/wp-json\/wp\/v2\/product_cat?post=1675"},{"taxonomy":"product_tag","embeddable":true,"href":"https:\/\/temsanair.com\/tr\/wp-json\/wp\/v2\/product_tag?post=1675"}],"curies":[{"name":"wp","href":"https:\/\/api.w.org\/{rel}","templated":true}]}}